{"id":98,"date":"2021-08-17T09:34:27","date_gmt":"2021-08-17T09:34:27","guid":{"rendered":"https:\/\/wordpress.pflanzenhof-paulwitz.de\/?page_id=98"},"modified":"2025-07-18T08:07:38","modified_gmt":"2025-07-18T08:07:38","slug":"gartencenter","status":"publish","type":"page","link":"https:\/\/pflanzenhof-paulwitz.de\/?page_id=98","title":{"rendered":"Kontakt\/Impressum"},"content":{"rendered":"<div class=\"text\">\n<div class=\"eds-animate edsanimate-sis-hidden alignright\" data-eds-entry-animation=\"fadeInLeftBig\" data-eds-entry-delay=\"1\" data-eds-entry-duration=\"3\" data-eds-entry-timing=\"cubic-bezier(0.77, 0, 0.175, 1)\" data-eds-exit-animation=\"\" data-eds-exit-delay=\"\" data-eds-exit-duration=\"\" data-eds-exit-timing=\"\" data-eds-repeat-count=\"1\" data-eds-keep=\"yes\" data-eds-animate-on=\"load\" data-eds-scroll-offset=\"\">\n<p><img decoding=\"async\" class=\"size-full wp-image-174 alignright lazyload\" data-src=\"https:\/\/pflanzenhof-paulwitz.de\/wp-content\/uploads\/2021\/08\/pauli_klein.png\" alt=\"\" width=\"153\" height=\"153\" data-srcset=\"https:\/\/pflanzenhof-paulwitz.de\/wp-content\/uploads\/2021\/08\/pauli_klein.png 153w, https:\/\/pflanzenhof-paulwitz.de\/wp-content\/uploads\/2021\/08\/pauli_klein-150x150.png 150w\" data-sizes=\"(max-width: 153px) 100vw, 153px\" src=\"data:image\/svg+xml;base64,PHN2ZyB3aWR0aD0iMSIgaGVpZ2h0PSIxIiB4bWxucz0iaHR0cDovL3d3dy53My5vcmcvMjAwMC9zdmciPjwvc3ZnPg==\" style=\"--smush-placeholder-width: 153px; --smush-placeholder-aspect-ratio: 153\/153;\" \/><\/p>\n<\/div>\n<h2><strong>Paulwitz Pflanzenhof &amp; Floristik<\/strong><\/h2>\n<p>Norderdorfkamp 26<br \/>\n24536 Neum\u00fcnster<\/p>\n<p>Telefon: 04321 \/ 31 5 21<\/p>\n<p><strong>Sie erreichen uns auch gerne per Mail:<\/strong><\/p>\n<p>E-Mail: <a href=\"mailto:info@pflanzenhof-paulwitz.de\">info@pflanzenhof-paulwitz.de<\/a><\/p>\n<h2><strong>Gesch\u00e4ftsf\u00fchrung:<\/strong><\/h2>\n<p>Jan Paulwitz<br \/>\nUst. Ident. Nr.: DE193299908<\/p>\n<p>Bankverbindung: IBAN \u00a0\u00a0 DE86 2305 1030 0030 0017 10<\/p>\n<\/div>\n<div class=\"contactform\"><\/div>\n<div class=\"contactform\"><strong><span class=\"gro\u00df\">Konzeption, Gestaltung und Programmierung: <\/span><\/strong><a href=\"http:\/\/www.seitenbox.de\/\" target=\"_blank\" rel=\"noopener\">SeitenBox<\/a><\/div>\n<div class=\"text\">\n<p><strong>Bildnachweis Fotos: Achim Banck<\/strong><\/p>\n<p><strong>Haftungsausschluss<\/strong><\/p>\n<p>Wir freuen uns \u00fcber Ihr Interesse an unserer Homepage und unserem Unternehmen. F\u00fcr externe Links zu fremden Inhalten k\u00f6nnen wir dabei trotz sorgf\u00e4ltiger inhaltlicher Kontrolle keine Haftung \u00fcbernehmen. Diese Feststellung gilt f\u00fcr alle innerhalb unseres Internetangebotes gesetzten Links und Verweise. Bitte informieren Sie uns, falls Sie der Ansicht sind, eine von uns verlinkte Internetseite enthalte illegale, anst\u00f6\u00dfige oder wettbewerbswidrige Inhalte, damit wir den Sachverhalt pr\u00fcfen und den Link gegebenenfalls entfernen k\u00f6nnen.<\/p>\n<\/div>\n","protected":false},"excerpt":{"rendered":"<p>Paulwitz Pflanzenhof &amp; Floristik Norderdorfkamp 26 24536 Neum\u00fcnster Telefon: 04321 \/ 31 5 21 Sie erreichen uns auch gerne per Mail: E-Mail: info@pflanzenhof-paulwitz.de Gesch\u00e4ftsf\u00fchrung: Jan Paulwitz Ust. Ident. Nr.: DE193299908 Bankverbindung: IBAN \u00a0\u00a0 DE86 2305 1030 0030 0017 10 Konzeption, Gestaltung und Programmierung: SeitenBox Bildnachweis Fotos: Achim Banck Haftungsausschluss Wir freuen uns \u00fcber Ihr Interesse &#8230; <a title=\"Kontakt\/Impressum\" class=\"read-more\" href=\"https:\/\/pflanzenhof-paulwitz.de\/?page_id=98\" aria-label=\"Mehr Informationen \u00fcber Kontakt\/Impressum\">Weiterlesen<\/a><\/p>\n","protected":false},"author":1,"featured_media":0,"parent":0,"menu_order":0,"comment_status":"closed","ping_status":"closed","template":"","meta":{"footnotes":""},"class_list":["post-98","page","type-page","status-publish"],"yoast_head":"<!-- This site is optimized with the Yoast SEO Premium plugin v24.2 (Yoast SEO v27.6) - https:\/\/yoast.com\/product\/yoast-seo-premium-wordpress\/ -->\n<title>Kontakt\/Impressum - Pflanzenhof Paulwitz<\/title>\n<meta name=\"robots\" content=\"index, follow, max-snippet:-1, max-image-preview:large, max-video-preview:-1\" \/>\n<link rel=\"canonical\" href=\"https:\/\/pflanzenhof-paulwitz.de\/?page_id=98\" \/>\n<meta property=\"og:locale\" content=\"de_DE\" \/>\n<meta property=\"og:type\" content=\"article\" \/>\n<meta property=\"og:title\" content=\"Kontakt\/Impressum\" \/>\n<meta property=\"og:description\" content=\"Paulwitz Pflanzenhof &amp; Floristik Norderdorfkamp 26 24536 Neum\u00fcnster Telefon: 04321 \/ 31 5 21 Sie erreichen uns auch gerne per Mail: E-Mail: info@pflanzenhof-paulwitz.de Gesch\u00e4ftsf\u00fchrung: Jan Paulwitz Ust. Ident. Nr.: DE193299908 Bankverbindung: IBAN \u00a0\u00a0 DE86 2305 1030 0030 0017 10 Konzeption, Gestaltung und Programmierung: SeitenBox Bildnachweis Fotos: Achim Banck Haftungsausschluss Wir freuen uns \u00fcber Ihr Interesse ... Weiterlesen\" \/>\n<meta property=\"og:url\" content=\"https:\/\/pflanzenhof-paulwitz.de\/?page_id=98\" \/>\n<meta property=\"og:site_name\" content=\"Pflanzenhof Paulwitz\" \/>\n<meta property=\"article:publisher\" content=\"https:\/\/www.facebook.com\/p\/Pflanzenhof-Paulwitz-100063768184160\/?locale=de_DE\" \/>\n<meta property=\"article:modified_time\" content=\"2025-07-18T08:07:38+00:00\" \/>\n<meta property=\"og:image\" content=\"https:\/\/pflanzenhof-paulwitz.de\/wp-content\/uploads\/2021\/08\/pauli_klein.png\" \/>\n\t<meta property=\"og:image:width\" content=\"153\" \/>\n\t<meta property=\"og:image:height\" content=\"153\" \/>\n\t<meta property=\"og:image:type\" content=\"image\/png\" \/>\n<meta name=\"twitter:card\" content=\"summary_large_image\" \/>\n<meta name=\"twitter:label1\" content=\"Gesch\u00e4tzte Lesezeit\" \/>\n\t<meta name=\"twitter:data1\" content=\"2\u00a0Minuten\" \/>\n<script type=\"application\/ld+json\" class=\"yoast-schema-graph\">{\"@context\":\"https:\\\/\\\/schema.org\",\"@graph\":[{\"@type\":\"WebPage\",\"@id\":\"https:\\\/\\\/pflanzenhof-paulwitz.de\\\/?page_id=98\",\"url\":\"https:\\\/\\\/pflanzenhof-paulwitz.de\\\/?page_id=98\",\"name\":\"Kontakt\\\/Impressum - Pflanzenhof Paulwitz\",\"isPartOf\":{\"@id\":\"https:\\\/\\\/pflanzenhof-paulwitz.de\\\/#website\"},\"primaryImageOfPage\":{\"@id\":\"https:\\\/\\\/pflanzenhof-paulwitz.de\\\/?page_id=98#primaryimage\"},\"image\":{\"@id\":\"https:\\\/\\\/pflanzenhof-paulwitz.de\\\/?page_id=98#primaryimage\"},\"thumbnailUrl\":\"https:\\\/\\\/pflanzenhof-paulwitz.de\\\/wp-content\\\/uploads\\\/2021\\\/08\\\/pauli_klein.png\",\"datePublished\":\"2021-08-17T09:34:27+00:00\",\"dateModified\":\"2025-07-18T08:07:38+00:00\",\"breadcrumb\":{\"@id\":\"https:\\\/\\\/pflanzenhof-paulwitz.de\\\/?page_id=98#breadcrumb\"},\"inLanguage\":\"de\",\"potentialAction\":[{\"@type\":\"ReadAction\",\"target\":[\"https:\\\/\\\/pflanzenhof-paulwitz.de\\\/?page_id=98\"]}]},{\"@type\":\"ImageObject\",\"inLanguage\":\"de\",\"@id\":\"https:\\\/\\\/pflanzenhof-paulwitz.de\\\/?page_id=98#primaryimage\",\"url\":\"https:\\\/\\\/pflanzenhof-paulwitz.de\\\/wp-content\\\/uploads\\\/2021\\\/08\\\/pauli_klein.png\",\"contentUrl\":\"https:\\\/\\\/pflanzenhof-paulwitz.de\\\/wp-content\\\/uploads\\\/2021\\\/08\\\/pauli_klein.png\",\"width\":153,\"height\":153},{\"@type\":\"BreadcrumbList\",\"@id\":\"https:\\\/\\\/pflanzenhof-paulwitz.de\\\/?page_id=98#breadcrumb\",\"itemListElement\":[{\"@type\":\"ListItem\",\"position\":1,\"name\":\"Home\",\"item\":\"https:\\\/\\\/pflanzenhof-paulwitz.de\\\/\"},{\"@type\":\"ListItem\",\"position\":2,\"name\":\"Kontakt\\\/Impressum\"}]},{\"@type\":\"WebSite\",\"@id\":\"https:\\\/\\\/pflanzenhof-paulwitz.de\\\/#website\",\"url\":\"https:\\\/\\\/pflanzenhof-paulwitz.de\\\/\",\"name\":\"Pflanzenhof Paulwitz\",\"description\":\"DAS Gartencenter in Neum\u00fcnster\",\"publisher\":{\"@id\":\"https:\\\/\\\/pflanzenhof-paulwitz.de\\\/#organization\"},\"potentialAction\":[{\"@type\":\"SearchAction\",\"target\":{\"@type\":\"EntryPoint\",\"urlTemplate\":\"https:\\\/\\\/pflanzenhof-paulwitz.de\\\/?s={search_term_string}\"},\"query-input\":{\"@type\":\"PropertyValueSpecification\",\"valueRequired\":true,\"valueName\":\"search_term_string\"}}],\"inLanguage\":\"de\"},{\"@type\":[\"Organization\",\"Place\"],\"@id\":\"https:\\\/\\\/pflanzenhof-paulwitz.de\\\/#organization\",\"name\":\"Pflanzenhof Paulwitz\",\"alternateName\":\"Paulwitz\",\"url\":\"https:\\\/\\\/pflanzenhof-paulwitz.de\\\/\",\"logo\":{\"@id\":\"https:\\\/\\\/pflanzenhof-paulwitz.de\\\/?page_id=98#local-main-organization-logo\"},\"image\":{\"@id\":\"https:\\\/\\\/pflanzenhof-paulwitz.de\\\/?page_id=98#local-main-organization-logo\"},\"sameAs\":[\"https:\\\/\\\/www.facebook.com\\\/p\\\/Pflanzenhof-Paulwitz-100063768184160\\\/?locale=de_DE\",\"https:\\\/\\\/www.instagram.com\\\/paulwitz_pflanzenhof_floristik\\\/?hl=de\"],\"description\":\"\ud83c\udf3f Ihr Spezialist f\u00fcr Garten & Pflanzen \u2013 Entdecken Sie hochwertige Pflanzen, Gartenbedarf und professionelle Beratung f\u00fcr Ihre gr\u00fcne Oase. \u201eGr\u00fcner leben, sch\u00f6ner wachsen!\u201c \u201eAlles f\u00fcr Gartenfreunde \u2013 Qualit\u00e4t & Vielfalt\u201c \u201eIhr Pflanzencenter \u2013 Natur zum Mitnehmen!\u201c \ud83d\udd39 Willkommen in Ihrem Pflanzencenter \u2013 Wir bieten eine gro\u00dfe Auswahl an Blumen, B\u00e4umen, Str\u00e4uchern und Gartenaccessoires. Lassen Sie sich inspirieren und versch\u00f6nern Sie Ihren Garten mit hochwertigen Pflanzen! \ud83d\udd39 Fachberatung & Qualit\u00e4t \u2013 Unsere Experten unterst\u00fctzen Sie bei der Pflanzenauswahl, Pflege und Gartengestaltung. Profitieren Sie von unserer Erfahrung und schaffen Sie Ihre pers\u00f6nliche Wohlf\u00fchloase! \ud83d\udd39 Nachhaltigkeit & Vielfalt \u2013 Wir setzen auf umweltfreundliche Anbaumethoden und regionale Pflanzen. Bei uns finden Sie alles f\u00fcr ein bl\u00fchendes Zuhause!\",\"legalName\":\"Pflanzenhof Paulwitz\",\"foundingDate\":\"1965-01-01\",\"numberOfEmployees\":{\"@type\":\"QuantitativeValue\",\"minValue\":\"11\",\"maxValue\":\"50\"},\"address\":{\"@id\":\"https:\\\/\\\/pflanzenhof-paulwitz.de\\\/?page_id=98#local-main-place-address\"},\"telephone\":[\"04321 \\\/ 31 5 21\"],\"openingHoursSpecification\":[{\"@type\":\"OpeningHoursSpecification\",\"dayOfWeek\":[\"Monday\",\"Tuesday\",\"Wednesday\",\"Thursday\",\"Friday\"],\"opens\":\"08:00\",\"closes\":\"18:00\"},{\"@type\":\"OpeningHoursSpecification\",\"dayOfWeek\":[\"Saturday\"],\"opens\":\"08:00\",\"closes\":\"16:00\"},{\"@type\":\"OpeningHoursSpecification\",\"dayOfWeek\":[\"Sunday\"],\"opens\":\"08:00\",\"closes\":\"00:00\"}],\"email\":\"info@pflanzenhof-paulwitz.de\",\"areaServed\":\"Gartenbau Pflanzencenter\"},{\"@type\":\"PostalAddress\",\"@id\":\"https:\\\/\\\/pflanzenhof-paulwitz.de\\\/?page_id=98#local-main-place-address\",\"streetAddress\":\"Norderdorfkamp 26\",\"addressLocality\":\"Neum\u00fcnster\",\"postalCode\":\"24536\",\"addressRegion\":\"Deutschland\",\"addressCountry\":\"DE\"},{\"@type\":\"ImageObject\",\"inLanguage\":\"de\",\"@id\":\"https:\\\/\\\/pflanzenhof-paulwitz.de\\\/?page_id=98#local-main-organization-logo\",\"url\":\"https:\\\/\\\/pflanzenhof-paulwitz.de\\\/wp-content\\\/uploads\\\/2021\\\/09\\\/logo_neu-1-e1739703116923.jpg\",\"contentUrl\":\"https:\\\/\\\/pflanzenhof-paulwitz.de\\\/wp-content\\\/uploads\\\/2021\\\/09\\\/logo_neu-1-e1739703116923.jpg\",\"width\":185,\"height\":128,\"caption\":\"Pflanzenhof Paulwitz\"}]}<\/script>\n<meta name=\"geo.placename\" content=\"Neum\u00fcnster\" \/>\n<meta name=\"geo.region\" content=\"Deutschland\" \/>\n<!-- \/ Yoast SEO Premium plugin. -->","yoast_head_json":{"title":"Kontakt\/Impressum - Pflanzenhof Paulwitz","robots":{"index":"index","follow":"follow","max-snippet":"max-snippet:-1","max-image-preview":"max-image-preview:large","max-video-preview":"max-video-preview:-1"},"canonical":"https:\/\/pflanzenhof-paulwitz.de\/?page_id=98","og_locale":"de_DE","og_type":"article","og_title":"Kontakt\/Impressum","og_description":"Paulwitz Pflanzenhof &amp; Floristik Norderdorfkamp 26 24536 Neum\u00fcnster Telefon: 04321 \/ 31 5 21 Sie erreichen uns auch gerne per Mail: E-Mail: info@pflanzenhof-paulwitz.de Gesch\u00e4ftsf\u00fchrung: Jan Paulwitz Ust. Ident. Nr.: DE193299908 Bankverbindung: IBAN \u00a0\u00a0 DE86 2305 1030 0030 0017 10 Konzeption, Gestaltung und Programmierung: SeitenBox Bildnachweis Fotos: Achim Banck Haftungsausschluss Wir freuen uns \u00fcber Ihr Interesse ... Weiterlesen","og_url":"https:\/\/pflanzenhof-paulwitz.de\/?page_id=98","og_site_name":"Pflanzenhof Paulwitz","article_publisher":"https:\/\/www.facebook.com\/p\/Pflanzenhof-Paulwitz-100063768184160\/?locale=de_DE","article_modified_time":"2025-07-18T08:07:38+00:00","og_image":[{"width":153,"height":153,"url":"https:\/\/pflanzenhof-paulwitz.de\/wp-content\/uploads\/2021\/08\/pauli_klein.png","type":"image\/png"}],"twitter_card":"summary_large_image","twitter_misc":{"Gesch\u00e4tzte Lesezeit":"2\u00a0Minuten"},"schema":{"@context":"https:\/\/schema.org","@graph":[{"@type":"WebPage","@id":"https:\/\/pflanzenhof-paulwitz.de\/?page_id=98","url":"https:\/\/pflanzenhof-paulwitz.de\/?page_id=98","name":"Kontakt\/Impressum - Pflanzenhof Paulwitz","isPartOf":{"@id":"https:\/\/pflanzenhof-paulwitz.de\/#website"},"primaryImageOfPage":{"@id":"https:\/\/pflanzenhof-paulwitz.de\/?page_id=98#primaryimage"},"image":{"@id":"https:\/\/pflanzenhof-paulwitz.de\/?page_id=98#primaryimage"},"thumbnailUrl":"https:\/\/pflanzenhof-paulwitz.de\/wp-content\/uploads\/2021\/08\/pauli_klein.png","datePublished":"2021-08-17T09:34:27+00:00","dateModified":"2025-07-18T08:07:38+00:00","breadcrumb":{"@id":"https:\/\/pflanzenhof-paulwitz.de\/?page_id=98#breadcrumb"},"inLanguage":"de","potentialAction":[{"@type":"ReadAction","target":["https:\/\/pflanzenhof-paulwitz.de\/?page_id=98"]}]},{"@type":"ImageObject","inLanguage":"de","@id":"https:\/\/pflanzenhof-paulwitz.de\/?page_id=98#primaryimage","url":"https:\/\/pflanzenhof-paulwitz.de\/wp-content\/uploads\/2021\/08\/pauli_klein.png","contentUrl":"https:\/\/pflanzenhof-paulwitz.de\/wp-content\/uploads\/2021\/08\/pauli_klein.png","width":153,"height":153},{"@type":"BreadcrumbList","@id":"https:\/\/pflanzenhof-paulwitz.de\/?page_id=98#breadcrumb","itemListElement":[{"@type":"ListItem","position":1,"name":"Home","item":"https:\/\/pflanzenhof-paulwitz.de\/"},{"@type":"ListItem","position":2,"name":"Kontakt\/Impressum"}]},{"@type":"WebSite","@id":"https:\/\/pflanzenhof-paulwitz.de\/#website","url":"https:\/\/pflanzenhof-paulwitz.de\/","name":"Pflanzenhof Paulwitz","description":"DAS Gartencenter in Neum\u00fcnster","publisher":{"@id":"https:\/\/pflanzenhof-paulwitz.de\/#organization"},"potentialAction":[{"@type":"SearchAction","target":{"@type":"EntryPoint","urlTemplate":"https:\/\/pflanzenhof-paulwitz.de\/?s={search_term_string}"},"query-input":{"@type":"PropertyValueSpecification","valueRequired":true,"valueName":"search_term_string"}}],"inLanguage":"de"},{"@type":["Organization","Place"],"@id":"https:\/\/pflanzenhof-paulwitz.de\/#organization","name":"Pflanzenhof Paulwitz","alternateName":"Paulwitz","url":"https:\/\/pflanzenhof-paulwitz.de\/","logo":{"@id":"https:\/\/pflanzenhof-paulwitz.de\/?page_id=98#local-main-organization-logo"},"image":{"@id":"https:\/\/pflanzenhof-paulwitz.de\/?page_id=98#local-main-organization-logo"},"sameAs":["https:\/\/www.facebook.com\/p\/Pflanzenhof-Paulwitz-100063768184160\/?locale=de_DE","https:\/\/www.instagram.com\/paulwitz_pflanzenhof_floristik\/?hl=de"],"description":"\ud83c\udf3f Ihr Spezialist f\u00fcr Garten & Pflanzen \u2013 Entdecken Sie hochwertige Pflanzen, Gartenbedarf und professionelle Beratung f\u00fcr Ihre gr\u00fcne Oase. \u201eGr\u00fcner leben, sch\u00f6ner wachsen!\u201c \u201eAlles f\u00fcr Gartenfreunde \u2013 Qualit\u00e4t & Vielfalt\u201c \u201eIhr Pflanzencenter \u2013 Natur zum Mitnehmen!\u201c \ud83d\udd39 Willkommen in Ihrem Pflanzencenter \u2013 Wir bieten eine gro\u00dfe Auswahl an Blumen, B\u00e4umen, Str\u00e4uchern und Gartenaccessoires. Lassen Sie sich inspirieren und versch\u00f6nern Sie Ihren Garten mit hochwertigen Pflanzen! \ud83d\udd39 Fachberatung & Qualit\u00e4t \u2013 Unsere Experten unterst\u00fctzen Sie bei der Pflanzenauswahl, Pflege und Gartengestaltung. Profitieren Sie von unserer Erfahrung und schaffen Sie Ihre pers\u00f6nliche Wohlf\u00fchloase! \ud83d\udd39 Nachhaltigkeit & Vielfalt \u2013 Wir setzen auf umweltfreundliche Anbaumethoden und regionale Pflanzen. Bei uns finden Sie alles f\u00fcr ein bl\u00fchendes Zuhause!","legalName":"Pflanzenhof Paulwitz","foundingDate":"1965-01-01","numberOfEmployees":{"@type":"QuantitativeValue","minValue":"11","maxValue":"50"},"address":{"@id":"https:\/\/pflanzenhof-paulwitz.de\/?page_id=98#local-main-place-address"},"telephone":["04321 \/ 31 5 21"],"openingHoursSpecification":[{"@type":"OpeningHoursSpecification","dayOfWeek":["Monday","Tuesday","Wednesday","Thursday","Friday"],"opens":"08:00","closes":"18:00"},{"@type":"OpeningHoursSpecification","dayOfWeek":["Saturday"],"opens":"08:00","closes":"16:00"},{"@type":"OpeningHoursSpecification","dayOfWeek":["Sunday"],"opens":"08:00","closes":"00:00"}],"email":"info@pflanzenhof-paulwitz.de","areaServed":"Gartenbau Pflanzencenter"},{"@type":"PostalAddress","@id":"https:\/\/pflanzenhof-paulwitz.de\/?page_id=98#local-main-place-address","streetAddress":"Norderdorfkamp 26","addressLocality":"Neum\u00fcnster","postalCode":"24536","addressRegion":"Deutschland","addressCountry":"DE"},{"@type":"ImageObject","inLanguage":"de","@id":"https:\/\/pflanzenhof-paulwitz.de\/?page_id=98#local-main-organization-logo","url":"https:\/\/pflanzenhof-paulwitz.de\/wp-content\/uploads\/2021\/09\/logo_neu-1-e1739703116923.jpg","contentUrl":"https:\/\/pflanzenhof-paulwitz.de\/wp-content\/uploads\/2021\/09\/logo_neu-1-e1739703116923.jpg","width":185,"height":128,"caption":"Pflanzenhof Paulwitz"}]},"geo.placename":"Neum\u00fcnster","geo.region":"Deutschland"},"_links":{"self":[{"href":"https:\/\/pflanzenhof-paulwitz.de\/index.php?rest_route=\/wp\/v2\/pages\/98","targetHints":{"allow":["GET"]}}],"collection":[{"href":"https:\/\/pflanzenhof-paulwitz.de\/index.php?rest_route=\/wp\/v2\/pages"}],"about":[{"href":"https:\/\/pflanzenhof-paulwitz.de\/index.php?rest_route=\/wp\/v2\/types\/page"}],"author":[{"embeddable":true,"href":"https:\/\/pflanzenhof-paulwitz.de\/index.php?rest_route=\/wp\/v2\/users\/1"}],"replies":[{"embeddable":true,"href":"https:\/\/pflanzenhof-paulwitz.de\/index.php?rest_route=%2Fwp%2Fv2%2Fcomments&post=98"}],"version-history":[{"count":14,"href":"https:\/\/pflanzenhof-paulwitz.de\/index.php?rest_route=\/wp\/v2\/pages\/98\/revisions"}],"predecessor-version":[{"id":1061,"href":"https:\/\/pflanzenhof-paulwitz.de\/index.php?rest_route=\/wp\/v2\/pages\/98\/revisions\/1061"}],"wp:attachment":[{"href":"https:\/\/pflanzenhof-paulwitz.de\/index.php?rest_route=%2Fwp%2Fv2%2Fmedia&parent=98"}],"curies":[{"name":"wp","href":"https:\/\/api.w.org\/{rel}","templated":true}]}}