{"id":493,"date":"2021-09-14T08:29:50","date_gmt":"2021-09-14T08:29:50","guid":{"rendered":"https:\/\/wordpress.pflanzenhof-paulwitz.de\/?page_id=493"},"modified":"2021-09-14T08:33:46","modified_gmt":"2021-09-14T08:33:46","slug":"bestellungen","status":"publish","type":"page","link":"https:\/\/pflanzenhof-paulwitz.de\/?page_id=493","title":{"rendered":"Bestellungen"},"content":{"rendered":"<p><span style=\"color: #ff0000;\"><strong>Aktuelle Sonderangebote<\/strong><\/span><\/p>\n<p><strong>Phalaenopsis nur 7,99 \u20ac<\/strong><\/p>\n<p>beachten Sie auch unsere Sonderangebote in der Hartware-Abteilung z.b. Gl\u00e4ser, diverse Keramikgef\u00e4\u00dfe<\/p>\n<p>Bestellungen k\u00f6nnen Sie telefonisch, per Fax, oder \u00fcber das Formular t\u00e4tigen.<\/p>\n<p>Telefon: 04321 \/ 31 5 21<br \/>\nTelefax: 04321 \/ 39 8 67<\/p>\n<p>E-Mail: <a href=\"mailto:info@pflanzenhof-paulwitz.de\">info@pflanzenhof-paulwitz.de<\/a><\/p>\n\n<div class=\"wpcf7 no-js\" id=\"wpcf7-f495-o1\" lang=\"de-DE\" dir=\"ltr\" data-wpcf7-id=\"495\">\n<div class=\"screen-reader-response\"><p role=\"status\" aria-live=\"polite\" aria-atomic=\"true\"><\/p> <ul><\/ul><\/div>\n<form action=\"\/index.php?rest_route=%2Fwp%2Fv2%2Fpages%2F493#wpcf7-f495-o1\" method=\"post\" class=\"wpcf7-form init\" aria-label=\"Kontaktformular\" novalidate=\"novalidate\" data-status=\"init\">\n<fieldset class=\"hidden-fields-container\"><input type=\"hidden\" name=\"_wpcf7\" value=\"495\" \/><input type=\"hidden\" name=\"_wpcf7_version\" value=\"6.1.5\" \/><input type=\"hidden\" name=\"_wpcf7_locale\" value=\"de_DE\" \/><input type=\"hidden\" name=\"_wpcf7_unit_tag\" value=\"wpcf7-f495-o1\" \/><input type=\"hidden\" name=\"_wpcf7_container_post\" value=\"0\" \/><input type=\"hidden\" name=\"_wpcf7_posted_data_hash\" value=\"\" \/>\n<\/fieldset>\n<p><label> Dein Name<br \/>\n<span class=\"wpcf7-form-control-wrap\" data-name=\"your-name\"><input size=\"40\" maxlength=\"400\" class=\"wpcf7-form-control wpcf7-text wpcf7-validates-as-required\" aria-required=\"true\" aria-invalid=\"false\" value=\"\" type=\"text\" name=\"your-name\" \/><\/span> <\/label>\n<\/p>\n<p><label> Deine E-Mail-Adresse<br \/>\n<span class=\"wpcf7-form-control-wrap\" data-name=\"your-email\"><input size=\"40\" maxlength=\"400\" class=\"wpcf7-form-control wpcf7-email wpcf7-validates-as-required wpcf7-text wpcf7-validates-as-email\" aria-required=\"true\" aria-invalid=\"false\" value=\"\" type=\"email\" name=\"your-email\" \/><\/span> <\/label>\n<\/p>\n<p><label> Betreff<br \/>\n<span class=\"wpcf7-form-control-wrap\" data-name=\"your-subject\"><input size=\"40\" maxlength=\"400\" class=\"wpcf7-form-control wpcf7-text wpcf7-validates-as-required\" aria-required=\"true\" aria-invalid=\"false\" value=\"\" type=\"text\" name=\"your-subject\" \/><\/span> <\/label>\n<\/p>\n<p><label> Deine Bestellung (optional)<br \/>\n<span class=\"wpcf7-form-control-wrap\" data-name=\"your-message\"><textarea cols=\"40\" rows=\"10\" maxlength=\"2000\" class=\"wpcf7-form-control wpcf7-textarea\" aria-invalid=\"false\" name=\"your-message\"><\/textarea><\/span> <\/label>\n<\/p>\n<p><input class=\"wpcf7-form-control wpcf7-submit has-spinner\" type=\"submit\" value=\"Senden\" \/>\n<\/p><div class=\"wpcf7-response-output\" aria-hidden=\"true\"><\/div>\n<\/form>\n<\/div>\n\n","protected":false},"excerpt":{"rendered":"<p>Aktuelle Sonderangebote Phalaenopsis nur 7,99 \u20ac beachten Sie auch unsere Sonderangebote in der Hartware-Abteilung z.b. Gl\u00e4ser, diverse Keramikgef\u00e4\u00dfe Bestellungen k\u00f6nnen Sie telefonisch, per Fax, oder \u00fcber das Formular t\u00e4tigen. Telefon: 04321 \/ 31 5 21 Telefax: 04321 \/ 39 8 67 E-Mail: info@pflanzenhof-paulwitz.de<\/p>\n","protected":false},"author":1,"featured_media":0,"parent":0,"menu_order":0,"comment_status":"closed","ping_status":"closed","template":"","meta":{"footnotes":""},"class_list":["post-493","page","type-page","status-publish"],"yoast_head":"<!-- This site is optimized with the Yoast SEO Premium plugin v24.2 (Yoast SEO v27.3) - https:\/\/yoast.com\/product\/yoast-seo-premium-wordpress\/ -->\n<title>Bestellungen - Pflanzenhof Paulwitz<\/title>\n<meta name=\"robots\" content=\"index, follow, max-snippet:-1, max-image-preview:large, max-video-preview:-1\" \/>\n<link rel=\"canonical\" href=\"https:\/\/pflanzenhof-paulwitz.de\/?page_id=493\" \/>\n<meta property=\"og:locale\" content=\"de_DE\" \/>\n<meta property=\"og:type\" content=\"article\" \/>\n<meta property=\"og:title\" content=\"Bestellungen\" \/>\n<meta property=\"og:description\" content=\"Aktuelle Sonderangebote Phalaenopsis nur 7,99 \u20ac beachten Sie auch unsere Sonderangebote in der Hartware-Abteilung z.b. Gl\u00e4ser, diverse Keramikgef\u00e4\u00dfe Bestellungen k\u00f6nnen Sie telefonisch, per Fax, oder \u00fcber das Formular t\u00e4tigen. Telefon: 04321 \/ 31 5 21 Telefax: 04321 \/ 39 8 67 E-Mail: info@pflanzenhof-paulwitz.de\" \/>\n<meta property=\"og:url\" content=\"https:\/\/pflanzenhof-paulwitz.de\/?page_id=493\" \/>\n<meta property=\"og:site_name\" content=\"Pflanzenhof Paulwitz\" \/>\n<meta property=\"article:publisher\" content=\"https:\/\/www.facebook.com\/p\/Pflanzenhof-Paulwitz-100063768184160\/?locale=de_DE\" \/>\n<meta property=\"article:modified_time\" content=\"2021-09-14T08:33:46+00:00\" \/>\n<meta name=\"twitter:card\" content=\"summary_large_image\" \/>\n<meta name=\"twitter:label1\" content=\"Gesch\u00e4tzte Lesezeit\" \/>\n\t<meta name=\"twitter:data1\" content=\"1\u00a0Minute\" \/>\n<script type=\"application\/ld+json\" class=\"yoast-schema-graph\">{\"@context\":\"https:\\\/\\\/schema.org\",\"@graph\":[{\"@type\":\"WebPage\",\"@id\":\"https:\\\/\\\/pflanzenhof-paulwitz.de\\\/?page_id=493\",\"url\":\"https:\\\/\\\/pflanzenhof-paulwitz.de\\\/?page_id=493\",\"name\":\"Bestellungen - Pflanzenhof Paulwitz\",\"isPartOf\":{\"@id\":\"https:\\\/\\\/pflanzenhof-paulwitz.de\\\/#website\"},\"datePublished\":\"2021-09-14T08:29:50+00:00\",\"dateModified\":\"2021-09-14T08:33:46+00:00\",\"breadcrumb\":{\"@id\":\"https:\\\/\\\/pflanzenhof-paulwitz.de\\\/?page_id=493#breadcrumb\"},\"inLanguage\":\"de\",\"potentialAction\":[{\"@type\":\"ReadAction\",\"target\":[\"https:\\\/\\\/pflanzenhof-paulwitz.de\\\/?page_id=493\"]}]},{\"@type\":\"BreadcrumbList\",\"@id\":\"https:\\\/\\\/pflanzenhof-paulwitz.de\\\/?page_id=493#breadcrumb\",\"itemListElement\":[{\"@type\":\"ListItem\",\"position\":1,\"name\":\"Home\",\"item\":\"https:\\\/\\\/pflanzenhof-paulwitz.de\\\/\"},{\"@type\":\"ListItem\",\"position\":2,\"name\":\"Bestellungen\"}]},{\"@type\":\"WebSite\",\"@id\":\"https:\\\/\\\/pflanzenhof-paulwitz.de\\\/#website\",\"url\":\"https:\\\/\\\/pflanzenhof-paulwitz.de\\\/\",\"name\":\"Pflanzenhof Paulwitz\",\"description\":\"DAS Gartencenter in Neum\u00fcnster\",\"publisher\":{\"@id\":\"https:\\\/\\\/pflanzenhof-paulwitz.de\\\/#organization\"},\"potentialAction\":[{\"@type\":\"SearchAction\",\"target\":{\"@type\":\"EntryPoint\",\"urlTemplate\":\"https:\\\/\\\/pflanzenhof-paulwitz.de\\\/?s={search_term_string}\"},\"query-input\":{\"@type\":\"PropertyValueSpecification\",\"valueRequired\":true,\"valueName\":\"search_term_string\"}}],\"inLanguage\":\"de\"},{\"@type\":[\"Organization\",\"Place\"],\"@id\":\"https:\\\/\\\/pflanzenhof-paulwitz.de\\\/#organization\",\"name\":\"Pflanzenhof Paulwitz\",\"alternateName\":\"Paulwitz\",\"url\":\"https:\\\/\\\/pflanzenhof-paulwitz.de\\\/\",\"logo\":{\"@id\":\"https:\\\/\\\/pflanzenhof-paulwitz.de\\\/?page_id=493#local-main-organization-logo\"},\"image\":{\"@id\":\"https:\\\/\\\/pflanzenhof-paulwitz.de\\\/?page_id=493#local-main-organization-logo\"},\"sameAs\":[\"https:\\\/\\\/www.facebook.com\\\/p\\\/Pflanzenhof-Paulwitz-100063768184160\\\/?locale=de_DE\",\"https:\\\/\\\/www.instagram.com\\\/paulwitz_pflanzenhof_floristik\\\/?hl=de\"],\"description\":\"\ud83c\udf3f Ihr Spezialist f\u00fcr Garten & Pflanzen \u2013 Entdecken Sie hochwertige Pflanzen, Gartenbedarf und professionelle Beratung f\u00fcr Ihre gr\u00fcne Oase. \u201eGr\u00fcner leben, sch\u00f6ner wachsen!\u201c \u201eAlles f\u00fcr Gartenfreunde \u2013 Qualit\u00e4t & Vielfalt\u201c \u201eIhr Pflanzencenter \u2013 Natur zum Mitnehmen!\u201c \ud83d\udd39 Willkommen in Ihrem Pflanzencenter \u2013 Wir bieten eine gro\u00dfe Auswahl an Blumen, B\u00e4umen, Str\u00e4uchern und Gartenaccessoires. Lassen Sie sich inspirieren und versch\u00f6nern Sie Ihren Garten mit hochwertigen Pflanzen! \ud83d\udd39 Fachberatung & Qualit\u00e4t \u2013 Unsere Experten unterst\u00fctzen Sie bei der Pflanzenauswahl, Pflege und Gartengestaltung. Profitieren Sie von unserer Erfahrung und schaffen Sie Ihre pers\u00f6nliche Wohlf\u00fchloase! \ud83d\udd39 Nachhaltigkeit & Vielfalt \u2013 Wir setzen auf umweltfreundliche Anbaumethoden und regionale Pflanzen. Bei uns finden Sie alles f\u00fcr ein bl\u00fchendes Zuhause!\",\"legalName\":\"Pflanzenhof Paulwitz\",\"foundingDate\":\"1965-01-01\",\"numberOfEmployees\":{\"@type\":\"QuantitativeValue\",\"minValue\":\"11\",\"maxValue\":\"50\"},\"address\":{\"@id\":\"https:\\\/\\\/pflanzenhof-paulwitz.de\\\/?page_id=493#local-main-place-address\"},\"telephone\":[\"04321 \\\/ 31 5 21\"],\"openingHoursSpecification\":[{\"@type\":\"OpeningHoursSpecification\",\"dayOfWeek\":[\"Monday\",\"Tuesday\",\"Wednesday\",\"Thursday\",\"Friday\"],\"opens\":\"08:00\",\"closes\":\"18:00\"},{\"@type\":\"OpeningHoursSpecification\",\"dayOfWeek\":[\"Saturday\"],\"opens\":\"08:00\",\"closes\":\"16:00\"},{\"@type\":\"OpeningHoursSpecification\",\"dayOfWeek\":[\"Sunday\"],\"opens\":\"08:00\",\"closes\":\"00:00\"}],\"email\":\"info@pflanzenhof-paulwitz.de\",\"areaServed\":\"Gartenbau Pflanzencenter\"},{\"@type\":\"PostalAddress\",\"@id\":\"https:\\\/\\\/pflanzenhof-paulwitz.de\\\/?page_id=493#local-main-place-address\",\"streetAddress\":\"Norderdorfkamp 26\",\"addressLocality\":\"Neum\u00fcnster\",\"postalCode\":\"24536\",\"addressRegion\":\"Deutschland\",\"addressCountry\":\"DE\"},{\"@type\":\"ImageObject\",\"inLanguage\":\"de\",\"@id\":\"https:\\\/\\\/pflanzenhof-paulwitz.de\\\/?page_id=493#local-main-organization-logo\",\"url\":\"https:\\\/\\\/pflanzenhof-paulwitz.de\\\/wp-content\\\/uploads\\\/2021\\\/09\\\/logo_neu-1-e1739703116923.jpg\",\"contentUrl\":\"https:\\\/\\\/pflanzenhof-paulwitz.de\\\/wp-content\\\/uploads\\\/2021\\\/09\\\/logo_neu-1-e1739703116923.jpg\",\"width\":185,\"height\":128,\"caption\":\"Pflanzenhof Paulwitz\"}]}<\/script>\n<meta name=\"geo.placename\" content=\"Neum\u00fcnster\" \/>\n<meta name=\"geo.region\" content=\"Deutschland\" \/>\n<!-- \/ Yoast SEO Premium plugin. -->","yoast_head_json":{"title":"Bestellungen - Pflanzenhof Paulwitz","robots":{"index":"index","follow":"follow","max-snippet":"max-snippet:-1","max-image-preview":"max-image-preview:large","max-video-preview":"max-video-preview:-1"},"canonical":"https:\/\/pflanzenhof-paulwitz.de\/?page_id=493","og_locale":"de_DE","og_type":"article","og_title":"Bestellungen","og_description":"Aktuelle Sonderangebote Phalaenopsis nur 7,99 \u20ac beachten Sie auch unsere Sonderangebote in der Hartware-Abteilung z.b. Gl\u00e4ser, diverse Keramikgef\u00e4\u00dfe Bestellungen k\u00f6nnen Sie telefonisch, per Fax, oder \u00fcber das Formular t\u00e4tigen. Telefon: 04321 \/ 31 5 21 Telefax: 04321 \/ 39 8 67 E-Mail: info@pflanzenhof-paulwitz.de","og_url":"https:\/\/pflanzenhof-paulwitz.de\/?page_id=493","og_site_name":"Pflanzenhof Paulwitz","article_publisher":"https:\/\/www.facebook.com\/p\/Pflanzenhof-Paulwitz-100063768184160\/?locale=de_DE","article_modified_time":"2021-09-14T08:33:46+00:00","twitter_card":"summary_large_image","twitter_misc":{"Gesch\u00e4tzte Lesezeit":"1\u00a0Minute"},"schema":{"@context":"https:\/\/schema.org","@graph":[{"@type":"WebPage","@id":"https:\/\/pflanzenhof-paulwitz.de\/?page_id=493","url":"https:\/\/pflanzenhof-paulwitz.de\/?page_id=493","name":"Bestellungen - Pflanzenhof Paulwitz","isPartOf":{"@id":"https:\/\/pflanzenhof-paulwitz.de\/#website"},"datePublished":"2021-09-14T08:29:50+00:00","dateModified":"2021-09-14T08:33:46+00:00","breadcrumb":{"@id":"https:\/\/pflanzenhof-paulwitz.de\/?page_id=493#breadcrumb"},"inLanguage":"de","potentialAction":[{"@type":"ReadAction","target":["https:\/\/pflanzenhof-paulwitz.de\/?page_id=493"]}]},{"@type":"BreadcrumbList","@id":"https:\/\/pflanzenhof-paulwitz.de\/?page_id=493#breadcrumb","itemListElement":[{"@type":"ListItem","position":1,"name":"Home","item":"https:\/\/pflanzenhof-paulwitz.de\/"},{"@type":"ListItem","position":2,"name":"Bestellungen"}]},{"@type":"WebSite","@id":"https:\/\/pflanzenhof-paulwitz.de\/#website","url":"https:\/\/pflanzenhof-paulwitz.de\/","name":"Pflanzenhof Paulwitz","description":"DAS Gartencenter in Neum\u00fcnster","publisher":{"@id":"https:\/\/pflanzenhof-paulwitz.de\/#organization"},"potentialAction":[{"@type":"SearchAction","target":{"@type":"EntryPoint","urlTemplate":"https:\/\/pflanzenhof-paulwitz.de\/?s={search_term_string}"},"query-input":{"@type":"PropertyValueSpecification","valueRequired":true,"valueName":"search_term_string"}}],"inLanguage":"de"},{"@type":["Organization","Place"],"@id":"https:\/\/pflanzenhof-paulwitz.de\/#organization","name":"Pflanzenhof Paulwitz","alternateName":"Paulwitz","url":"https:\/\/pflanzenhof-paulwitz.de\/","logo":{"@id":"https:\/\/pflanzenhof-paulwitz.de\/?page_id=493#local-main-organization-logo"},"image":{"@id":"https:\/\/pflanzenhof-paulwitz.de\/?page_id=493#local-main-organization-logo"},"sameAs":["https:\/\/www.facebook.com\/p\/Pflanzenhof-Paulwitz-100063768184160\/?locale=de_DE","https:\/\/www.instagram.com\/paulwitz_pflanzenhof_floristik\/?hl=de"],"description":"\ud83c\udf3f Ihr Spezialist f\u00fcr Garten & Pflanzen \u2013 Entdecken Sie hochwertige Pflanzen, Gartenbedarf und professionelle Beratung f\u00fcr Ihre gr\u00fcne Oase. \u201eGr\u00fcner leben, sch\u00f6ner wachsen!\u201c \u201eAlles f\u00fcr Gartenfreunde \u2013 Qualit\u00e4t & Vielfalt\u201c \u201eIhr Pflanzencenter \u2013 Natur zum Mitnehmen!\u201c \ud83d\udd39 Willkommen in Ihrem Pflanzencenter \u2013 Wir bieten eine gro\u00dfe Auswahl an Blumen, B\u00e4umen, Str\u00e4uchern und Gartenaccessoires. Lassen Sie sich inspirieren und versch\u00f6nern Sie Ihren Garten mit hochwertigen Pflanzen! \ud83d\udd39 Fachberatung & Qualit\u00e4t \u2013 Unsere Experten unterst\u00fctzen Sie bei der Pflanzenauswahl, Pflege und Gartengestaltung. Profitieren Sie von unserer Erfahrung und schaffen Sie Ihre pers\u00f6nliche Wohlf\u00fchloase! \ud83d\udd39 Nachhaltigkeit & Vielfalt \u2013 Wir setzen auf umweltfreundliche Anbaumethoden und regionale Pflanzen. Bei uns finden Sie alles f\u00fcr ein bl\u00fchendes Zuhause!","legalName":"Pflanzenhof Paulwitz","foundingDate":"1965-01-01","numberOfEmployees":{"@type":"QuantitativeValue","minValue":"11","maxValue":"50"},"address":{"@id":"https:\/\/pflanzenhof-paulwitz.de\/?page_id=493#local-main-place-address"},"telephone":["04321 \/ 31 5 21"],"openingHoursSpecification":[{"@type":"OpeningHoursSpecification","dayOfWeek":["Monday","Tuesday","Wednesday","Thursday","Friday"],"opens":"08:00","closes":"18:00"},{"@type":"OpeningHoursSpecification","dayOfWeek":["Saturday"],"opens":"08:00","closes":"16:00"},{"@type":"OpeningHoursSpecification","dayOfWeek":["Sunday"],"opens":"08:00","closes":"00:00"}],"email":"info@pflanzenhof-paulwitz.de","areaServed":"Gartenbau Pflanzencenter"},{"@type":"PostalAddress","@id":"https:\/\/pflanzenhof-paulwitz.de\/?page_id=493#local-main-place-address","streetAddress":"Norderdorfkamp 26","addressLocality":"Neum\u00fcnster","postalCode":"24536","addressRegion":"Deutschland","addressCountry":"DE"},{"@type":"ImageObject","inLanguage":"de","@id":"https:\/\/pflanzenhof-paulwitz.de\/?page_id=493#local-main-organization-logo","url":"https:\/\/pflanzenhof-paulwitz.de\/wp-content\/uploads\/2021\/09\/logo_neu-1-e1739703116923.jpg","contentUrl":"https:\/\/pflanzenhof-paulwitz.de\/wp-content\/uploads\/2021\/09\/logo_neu-1-e1739703116923.jpg","width":185,"height":128,"caption":"Pflanzenhof Paulwitz"}]},"geo.placename":"Neum\u00fcnster","geo.region":"Deutschland"},"_links":{"self":[{"href":"https:\/\/pflanzenhof-paulwitz.de\/index.php?rest_route=\/wp\/v2\/pages\/493","targetHints":{"allow":["GET"]}}],"collection":[{"href":"https:\/\/pflanzenhof-paulwitz.de\/index.php?rest_route=\/wp\/v2\/pages"}],"about":[{"href":"https:\/\/pflanzenhof-paulwitz.de\/index.php?rest_route=\/wp\/v2\/types\/page"}],"author":[{"embeddable":true,"href":"https:\/\/pflanzenhof-paulwitz.de\/index.php?rest_route=\/wp\/v2\/users\/1"}],"replies":[{"embeddable":true,"href":"https:\/\/pflanzenhof-paulwitz.de\/index.php?rest_route=%2Fwp%2Fv2%2Fcomments&post=493"}],"version-history":[{"count":3,"href":"https:\/\/pflanzenhof-paulwitz.de\/index.php?rest_route=\/wp\/v2\/pages\/493\/revisions"}],"predecessor-version":[{"id":497,"href":"https:\/\/pflanzenhof-paulwitz.de\/index.php?rest_route=\/wp\/v2\/pages\/493\/revisions\/497"}],"wp:attachment":[{"href":"https:\/\/pflanzenhof-paulwitz.de\/index.php?rest_route=%2Fwp%2Fv2%2Fmedia&parent=493"}],"curies":[{"name":"wp","href":"https:\/\/api.w.org\/{rel}","templated":true}]}}