{"id":111,"date":"2021-08-17T09:40:10","date_gmt":"2021-08-17T09:40:10","guid":{"rendered":"https:\/\/wordpress.pflanzenhof-paulwitz.de\/?page_id=111"},"modified":"2021-08-19T10:16:21","modified_gmt":"2021-08-19T10:16:21","slug":"baumschule","status":"publish","type":"page","link":"https:\/\/pflanzenhof-paulwitz.de\/?page_id=111","title":{"rendered":"Baumschule"},"content":{"rendered":"<div class=\"text\">\n<h2>In unserer Baumschule pflegen wir Geh\u00f6lze bis sie den Weg in Ihren Garten finden.<\/h2>\n<h2><em>\u00a0Frisch vom Feld direkt in ihren Garten<\/em><\/h2>\n<h2><em>In unserem neu angeleten Abteil f\u00fcr Alleb\u00e4ume bleiben keine W\u00fcnsche offen.<\/em><\/h2>\n<p style=\"text-align: center;\"><style type=\"text\/css\" scoped>.rbs_gallery_6a03a676a9df3Spinner{\r\n\t\t\t\tmargin: 50px auto;\r\n\t\t\t\twidth: 50px;\r\n\t\t\t\theight: 40px;\r\n\t\t\t\ttext-align: center;\r\n\t\t\t\tfont-size: 10px;\r\n\t\t\t}\r\n\t\t\t.rbs_gallery_6a03a676a9df3Spinner > div{\r\n\t\t\t  background-color: #333;\r\n\t\t\t  height: 100%;\r\n\t\t\t  width: 6px;\r\n\t\t\t  display: inline-block;\r\n\t\t\t  -webkit-animation: rbs_gallery_6a03a676a9df3-stretchdelay 1.2s infinite ease-in-out;\r\n\t\t\t  animation: rbs_gallery_6a03a676a9df3-stretchdelay 1.2s infinite ease-in-out;\r\n\t\t\t}\r\n\t\t\t.rbs_gallery_6a03a676a9df3Spinner .rbs_gallery_6a03a676a9df3Rect2 {\r\n\t\t\t  -webkit-animation-delay: -1.1s;\r\n\t\t\t  animation-delay: -1.1s;\r\n\t\t\t}\r\n\t\t\t.rbs_gallery_6a03a676a9df3Spinner .rbs_gallery_6a03a676a9df3Rect3 {\r\n\t\t\t  -webkit-animation-delay: -1.0s;\r\n\t\t\t  animation-delay: -1.0s;\r\n\t\t\t}\r\n\t\t\t.rbs_gallery_6a03a676a9df3Spinner .rbs_gallery_6a03a676a9df3Rect4 {\r\n\t\t\t  -webkit-animation-delay: -0.9s;\r\n\t\t\t  animation-delay: -0.9s;\r\n\t\t\t}\r\n\t\t\t.rbs_gallery_6a03a676a9df3Spinner .rbs_gallery_6a03a676a9df3Rect5 {\r\n\t\t\t  -webkit-animation-delay: -0.8s;\r\n\t\t\t  animation-delay: -0.8s;\r\n\t\t\t}\r\n\t\t\t@-webkit-keyframes rbs_gallery_6a03a676a9df3-stretchdelay {\r\n\t\t\t  0%, 40%, 100% { -webkit-transform: scaleY(0.4) }  \r\n\t\t\t  20% { -webkit-transform: scaleY(1.0) }\r\n\t\t\t}\r\n\t\t\t@keyframes rbs_gallery_6a03a676a9df3-stretchdelay {\r\n\t\t\t  0%, 40%, 100% { \r\n\t\t\t    transform: scaleY(0.4);\r\n\t\t\t    -webkit-transform: scaleY(0.4);\r\n\t\t\t  }  20% { \r\n\t\t\t    transform: scaleY(1.0);\r\n\t\t\t    -webkit-transform: scaleY(1.0);\r\n\t\t\t  }\r\n\t\t\t}\r\n\t\t<\/style><div class=\"robo-gallery-wrap robo-gallery-wrap-id240 robo-gallery-mosaic\" ><div id=\"rbs_gallery_6a03a676a9df3-block-loader\" class=\"rbs_gallery_6a03a676a9df3Spinner\"><div class=\"rbs_gallery_6a03a676a9df3Rect1\"><\/div> <div class=\"rbs_gallery_6a03a676a9df3Rect2\"><\/div> <div class=\"rbs_gallery_6a03a676a9df3Rect3\"><\/div> <div class=\"rbs_gallery_6a03a676a9df3Rect4\"><\/div> <div class=\"rbs_gallery_6a03a676a9df3Rect5\"><\/div><\/div><div id=\"robo_gallery_main_block_rbs_gallery_6a03a676a9df3\" class=\"robogallery-gallery-240\" style=\"width:80%;  display: none;\"><div id=\"rbs_gallery_6a03a676a9df3\" data-options=\"rbs_gallery_6a03a676a9df3\" style=\"width:100%;\" class=\"robo_gallery  \"><div class=\"rbs-img  category240 \"  data-columns=\"4\" ><div class=\"rbs-img-image   rbs-lightbox \" ><div class=\"rbs-img-thumbs\"  data-thumbnail=\"https:\/\/pflanzenhof-paulwitz.de\/wp-content\/uploads\/2021\/08\/AB204778-1024x683.jpg\"  title=\"Achim Banck\"  data-width=\"1024\"  data-height=\"683\" ><\/div><div class=\"rbs-img-data-popup\"  data-popup=\"https:\/\/pflanzenhof-paulwitz.de\/wp-content\/uploads\/2021\/08\/AB204778.jpg\"  title=\"Achim Banck\" ><\/div><div class=\"thumbnail-overlay\"><div class=\"rbsIcons\"><i class=\"fa fa-image rbsZoomIcon \" ><\/i><\/div><\/div><\/div><\/div><div class=\"rbs-img  category240 \" ><div class=\"rbs-img-image   rbs-lightbox \" ><div class=\"rbs-img-thumbs\"  data-thumbnail=\"https:\/\/pflanzenhof-paulwitz.de\/wp-content\/uploads\/2021\/08\/AB205790-1024x683.jpg\"  title=\"Achim Banck\"  data-width=\"1024\"  data-height=\"683\" ><\/div><div class=\"rbs-img-data-popup\"  data-popup=\"https:\/\/pflanzenhof-paulwitz.de\/wp-content\/uploads\/2021\/08\/AB205790.jpg\"  title=\"Achim Banck\" ><\/div><div class=\"thumbnail-overlay\"><div class=\"rbsIcons\"><i class=\"fa fa-image rbsZoomIcon \" ><\/i><\/div><\/div><\/div><\/div><div class=\"rbs-img  category240 \" ><div class=\"rbs-img-image   rbs-lightbox \" ><div class=\"rbs-img-thumbs\"  data-thumbnail=\"https:\/\/pflanzenhof-paulwitz.de\/wp-content\/uploads\/2021\/08\/AB204760-1024x683.jpg\"  title=\"Achim Banck\"  data-width=\"1024\"  data-height=\"683\" ><\/div><div class=\"rbs-img-data-popup\"  data-popup=\"https:\/\/pflanzenhof-paulwitz.de\/wp-content\/uploads\/2021\/08\/AB204760.jpg\"  title=\"Achim Banck\" ><\/div><div class=\"thumbnail-overlay\"><div class=\"rbsIcons\"><i class=\"fa fa-image rbsZoomIcon \" ><\/i><\/div><\/div><\/div><\/div><div class=\"rbs-img  category240 \" ><div class=\"rbs-img-image   rbs-lightbox \" ><div class=\"rbs-img-thumbs\"  data-thumbnail=\"https:\/\/pflanzenhof-paulwitz.de\/wp-content\/uploads\/2021\/08\/AB204762-1024x683.jpg\"  title=\"Achim Banck\"  data-width=\"1024\"  data-height=\"683\" ><\/div><div class=\"rbs-img-data-popup\"  data-popup=\"https:\/\/pflanzenhof-paulwitz.de\/wp-content\/uploads\/2021\/08\/AB204762.jpg\"  title=\"Achim Banck\" ><\/div><div class=\"thumbnail-overlay\"><div class=\"rbsIcons\"><i class=\"fa fa-image rbsZoomIcon \" ><\/i><\/div><\/div><\/div><\/div><div class=\"rbs-img  category240 \"  data-columns=\"3\" ><div class=\"rbs-img-image   rbs-lightbox \" ><div class=\"rbs-img-thumbs\"  data-thumbnail=\"https:\/\/pflanzenhof-paulwitz.de\/wp-content\/uploads\/2021\/08\/b2.jpg\"  title=\"b2\"  data-width=\"800\"  data-height=\"533\" ><\/div><div class=\"rbs-img-data-popup\"  data-popup=\"https:\/\/pflanzenhof-paulwitz.de\/wp-content\/uploads\/2021\/08\/b2.jpg\"  title=\"b2\" ><\/div><div class=\"thumbnail-overlay\"><div class=\"rbsIcons\"><i class=\"fa fa-image rbsZoomIcon \" ><\/i><\/div><\/div><\/div><\/div><div class=\"rbs-img  category240 \" ><div class=\"rbs-img-image   rbs-lightbox \" ><div class=\"rbs-img-thumbs\"  data-thumbnail=\"https:\/\/pflanzenhof-paulwitz.de\/wp-content\/uploads\/2021\/08\/b1.jpg\"  title=\"b1\"  data-width=\"800\"  data-height=\"533\" ><\/div><div class=\"rbs-img-data-popup\"  data-popup=\"https:\/\/pflanzenhof-paulwitz.de\/wp-content\/uploads\/2021\/08\/b1.jpg\"  title=\"b1\" ><\/div><div class=\"thumbnail-overlay\"><div class=\"rbsIcons\"><i class=\"fa fa-image rbsZoomIcon \" ><\/i><\/div><\/div><\/div><\/div><div class=\"rbs-img  category240 \" ><div class=\"rbs-img-image   rbs-lightbox \" ><div class=\"rbs-img-thumbs\"  data-thumbnail=\"https:\/\/pflanzenhof-paulwitz.de\/wp-content\/uploads\/2021\/08\/b7.jpg\"  title=\"b7\"  data-width=\"600\"  data-height=\"450\" ><\/div><div class=\"rbs-img-data-popup\"  data-popup=\"https:\/\/pflanzenhof-paulwitz.de\/wp-content\/uploads\/2021\/08\/b7.jpg\"  title=\"b7\" ><\/div><div class=\"thumbnail-overlay\"><div class=\"rbsIcons\"><i class=\"fa fa-image rbsZoomIcon \" ><\/i><\/div><\/div><\/div><\/div><div class=\"rbs-img  category240 \" ><div class=\"rbs-img-image   rbs-lightbox \" ><div class=\"rbs-img-thumbs\"  data-thumbnail=\"https:\/\/pflanzenhof-paulwitz.de\/wp-content\/uploads\/2021\/08\/b6.jpg\"  title=\"b6\"  data-width=\"764\"  data-height=\"1024\" ><\/div><div class=\"rbs-img-data-popup\"  data-popup=\"https:\/\/pflanzenhof-paulwitz.de\/wp-content\/uploads\/2021\/08\/b6.jpg\"  title=\"b6\" ><\/div><div class=\"thumbnail-overlay\"><div class=\"rbsIcons\"><i class=\"fa fa-image rbsZoomIcon \" ><\/i><\/div><\/div><\/div><\/div><div class=\"rbs-img  category240 \" ><div class=\"rbs-img-image   rbs-lightbox \" ><div class=\"rbs-img-thumbs\"  data-thumbnail=\"https:\/\/pflanzenhof-paulwitz.de\/wp-content\/uploads\/2021\/08\/AB205786-1024x683.jpg\"  title=\"Achim Banck\"  data-width=\"1024\"  data-height=\"683\" ><\/div><div class=\"rbs-img-data-popup\"  data-popup=\"https:\/\/pflanzenhof-paulwitz.de\/wp-content\/uploads\/2021\/08\/AB205786.jpg\"  title=\"Achim Banck\" ><\/div><div class=\"thumbnail-overlay\"><div class=\"rbsIcons\"><i class=\"fa fa-image rbsZoomIcon \" ><\/i><\/div><\/div><\/div><\/div><div class=\"rbs-img  category240 \"  data-columns=\"2\" ><div class=\"rbs-img-image   rbs-lightbox \" ><div class=\"rbs-img-thumbs\"  data-thumbnail=\"https:\/\/pflanzenhof-paulwitz.de\/wp-content\/uploads\/2021\/08\/AB204767-1024x683.jpg\"  title=\"Achim Banck\"  data-width=\"1024\"  data-height=\"683\" ><\/div><div class=\"rbs-img-data-popup\"  data-popup=\"https:\/\/pflanzenhof-paulwitz.de\/wp-content\/uploads\/2021\/08\/AB204767.jpg\"  title=\"Achim Banck\" ><\/div><div class=\"thumbnail-overlay\"><div class=\"rbsIcons\"><i class=\"fa fa-image rbsZoomIcon \" ><\/i><\/div><\/div><\/div><\/div><div class=\"rbs-img  category240 \" ><div class=\"rbs-img-image   rbs-lightbox \" ><div class=\"rbs-img-thumbs\"  data-thumbnail=\"https:\/\/pflanzenhof-paulwitz.de\/wp-content\/uploads\/2021\/08\/AB204745-1024x683.jpg\"  title=\"Achim Banck\"  data-width=\"1024\"  data-height=\"683\" ><\/div><div class=\"rbs-img-data-popup\"  data-popup=\"https:\/\/pflanzenhof-paulwitz.de\/wp-content\/uploads\/2021\/08\/AB204745.jpg\"  title=\"Achim Banck\" ><\/div><div class=\"thumbnail-overlay\"><div class=\"rbsIcons\"><i class=\"fa fa-image rbsZoomIcon \" ><\/i><\/div><\/div><\/div><\/div><div class=\"rbs-img  category240 \" ><div class=\"rbs-img-image   rbs-lightbox \" ><div class=\"rbs-img-thumbs\"  data-thumbnail=\"https:\/\/pflanzenhof-paulwitz.de\/wp-content\/uploads\/2021\/08\/AB204728-1024x683.jpg\"  title=\"Achim Banck\"  data-width=\"1024\"  data-height=\"683\" ><\/div><div class=\"rbs-img-data-popup\"  data-popup=\"https:\/\/pflanzenhof-paulwitz.de\/wp-content\/uploads\/2021\/08\/AB204728.jpg\"  title=\"Achim Banck\" ><\/div><div class=\"thumbnail-overlay\"><div class=\"rbsIcons\"><i class=\"fa fa-image rbsZoomIcon \" ><\/i><\/div><\/div><\/div><\/div><div class=\"rbs-img  category240 \"  data-columns=\"4\" ><div class=\"rbs-img-image   rbs-lightbox \" ><div class=\"rbs-img-thumbs\"  data-thumbnail=\"https:\/\/pflanzenhof-paulwitz.de\/wp-content\/uploads\/2021\/08\/AB205862-683x1024.jpg\"  title=\"Achim Banck\"  data-width=\"683\"  data-height=\"1024\" ><\/div><div class=\"rbs-img-data-popup\"  data-popup=\"https:\/\/pflanzenhof-paulwitz.de\/wp-content\/uploads\/2021\/08\/AB205862.jpg\"  title=\"Achim Banck\" ><\/div><div class=\"thumbnail-overlay\"><div class=\"rbsIcons\"><i class=\"fa fa-image rbsZoomIcon \" ><\/i><\/div><\/div><\/div><\/div><\/div><\/div><\/div><script>var rbs_gallery_6a03a676a9df3 = {\"version\":\"5.1.4\",\"id\":240,\"class\":\"id240\",\"roboGalleryDelay\":1000,\"mainContainer\":\"#robo_gallery_main_block_rbs_gallery_6a03a676a9df3\",\"loadingContainer\":\"#rbs_gallery_6a03a676a9df3-block-loader\",\"loadingContainerObj\":\"rbs_gallery_6a03a676a9df3-block-loader\",\"columnWidth\":\"auto\",\"columns\":8,\"resolutions\":[{\"columnWidth\":\"auto\",\"columns\":3,\"maxWidth\":960},{\"columnWidth\":\"auto\",\"columns\":2,\"maxWidth\":650},{\"columnWidth\":\"auto\",\"columns\":1,\"maxWidth\":450}],\"lightboxOptions\":{\"gallery\":{\"enabled\":true,\"tCounter\":\"%curr% of %total%\"}},\"borderSize\":5,\"overlayEffect\":\"direction-aware-fade\",\"boxesToLoadStart\":10,\"boxesToLoad\":8,\"waitUntilThumbLoads\":1,\"LoadingWord\":\"Loading...\",\"loadMoreWord\":\"Load More\",\"noMoreEntriesWord\":\"No More Entries\",\"horizontalSpaceBetweenBoxes\":15,\"verticalSpaceBetweenBoxes\":15,\"lazyLoad\":1,\"wrapContainer\":\"#robo-gallery-wrap-rbs_gallery_6a03a676a9df3\"};<\/script><\/p>\n<\/div>\n","protected":false},"excerpt":{"rendered":"<p>In unserer Baumschule pflegen wir Geh\u00f6lze bis sie den Weg in Ihren Garten finden. \u00a0Frisch vom Feld direkt in ihren Garten In unserem neu angeleten Abteil f\u00fcr Alleb\u00e4ume bleiben keine W\u00fcnsche offen.<\/p>\n","protected":false},"author":1,"featured_media":0,"parent":0,"menu_order":0,"comment_status":"closed","ping_status":"closed","template":"","meta":{"footnotes":""},"class_list":["post-111","page","type-page","status-publish"],"yoast_head":"<!-- This site is optimized with the Yoast SEO Premium plugin v24.2 (Yoast SEO v27.5) - https:\/\/yoast.com\/product\/yoast-seo-premium-wordpress\/ -->\n<title>Baumschule - Pflanzenhof Paulwitz<\/title>\n<meta name=\"robots\" content=\"index, follow, max-snippet:-1, max-image-preview:large, max-video-preview:-1\" \/>\n<link rel=\"canonical\" href=\"https:\/\/pflanzenhof-paulwitz.de\/?page_id=111\" \/>\n<meta property=\"og:locale\" content=\"de_DE\" \/>\n<meta property=\"og:type\" content=\"article\" \/>\n<meta property=\"og:title\" content=\"Baumschule\" \/>\n<meta property=\"og:description\" content=\"In unserer Baumschule pflegen wir Geh\u00f6lze bis sie den Weg in Ihren Garten finden. \u00a0Frisch vom Feld direkt in ihren Garten In unserem neu angeleten Abteil f\u00fcr Alleb\u00e4ume bleiben keine W\u00fcnsche offen.\" \/>\n<meta property=\"og:url\" content=\"https:\/\/pflanzenhof-paulwitz.de\/?page_id=111\" \/>\n<meta property=\"og:site_name\" content=\"Pflanzenhof Paulwitz\" \/>\n<meta property=\"article:publisher\" content=\"https:\/\/www.facebook.com\/p\/Pflanzenhof-Paulwitz-100063768184160\/?locale=de_DE\" \/>\n<meta property=\"article:modified_time\" content=\"2021-08-19T10:16:21+00:00\" \/>\n<meta name=\"twitter:card\" content=\"summary_large_image\" \/>\n<meta name=\"twitter:label1\" content=\"Gesch\u00e4tzte Lesezeit\" \/>\n\t<meta name=\"twitter:data1\" content=\"1\u00a0Minute\" \/>\n<script type=\"application\/ld+json\" class=\"yoast-schema-graph\">{\"@context\":\"https:\\\/\\\/schema.org\",\"@graph\":[{\"@type\":\"WebPage\",\"@id\":\"https:\\\/\\\/pflanzenhof-paulwitz.de\\\/?page_id=111\",\"url\":\"https:\\\/\\\/pflanzenhof-paulwitz.de\\\/?page_id=111\",\"name\":\"Baumschule - Pflanzenhof Paulwitz\",\"isPartOf\":{\"@id\":\"https:\\\/\\\/pflanzenhof-paulwitz.de\\\/#website\"},\"datePublished\":\"2021-08-17T09:40:10+00:00\",\"dateModified\":\"2021-08-19T10:16:21+00:00\",\"breadcrumb\":{\"@id\":\"https:\\\/\\\/pflanzenhof-paulwitz.de\\\/?page_id=111#breadcrumb\"},\"inLanguage\":\"de\",\"potentialAction\":[{\"@type\":\"ReadAction\",\"target\":[\"https:\\\/\\\/pflanzenhof-paulwitz.de\\\/?page_id=111\"]}]},{\"@type\":\"BreadcrumbList\",\"@id\":\"https:\\\/\\\/pflanzenhof-paulwitz.de\\\/?page_id=111#breadcrumb\",\"itemListElement\":[{\"@type\":\"ListItem\",\"position\":1,\"name\":\"Home\",\"item\":\"https:\\\/\\\/pflanzenhof-paulwitz.de\\\/\"},{\"@type\":\"ListItem\",\"position\":2,\"name\":\"Baumschule\"}]},{\"@type\":\"WebSite\",\"@id\":\"https:\\\/\\\/pflanzenhof-paulwitz.de\\\/#website\",\"url\":\"https:\\\/\\\/pflanzenhof-paulwitz.de\\\/\",\"name\":\"Pflanzenhof Paulwitz\",\"description\":\"DAS Gartencenter in Neum\u00fcnster\",\"publisher\":{\"@id\":\"https:\\\/\\\/pflanzenhof-paulwitz.de\\\/#organization\"},\"potentialAction\":[{\"@type\":\"SearchAction\",\"target\":{\"@type\":\"EntryPoint\",\"urlTemplate\":\"https:\\\/\\\/pflanzenhof-paulwitz.de\\\/?s={search_term_string}\"},\"query-input\":{\"@type\":\"PropertyValueSpecification\",\"valueRequired\":true,\"valueName\":\"search_term_string\"}}],\"inLanguage\":\"de\"},{\"@type\":[\"Organization\",\"Place\"],\"@id\":\"https:\\\/\\\/pflanzenhof-paulwitz.de\\\/#organization\",\"name\":\"Pflanzenhof Paulwitz\",\"alternateName\":\"Paulwitz\",\"url\":\"https:\\\/\\\/pflanzenhof-paulwitz.de\\\/\",\"logo\":{\"@id\":\"https:\\\/\\\/pflanzenhof-paulwitz.de\\\/?page_id=111#local-main-organization-logo\"},\"image\":{\"@id\":\"https:\\\/\\\/pflanzenhof-paulwitz.de\\\/?page_id=111#local-main-organization-logo\"},\"sameAs\":[\"https:\\\/\\\/www.facebook.com\\\/p\\\/Pflanzenhof-Paulwitz-100063768184160\\\/?locale=de_DE\",\"https:\\\/\\\/www.instagram.com\\\/paulwitz_pflanzenhof_floristik\\\/?hl=de\"],\"description\":\"\ud83c\udf3f Ihr Spezialist f\u00fcr Garten & Pflanzen \u2013 Entdecken Sie hochwertige Pflanzen, Gartenbedarf und professionelle Beratung f\u00fcr Ihre gr\u00fcne Oase. \u201eGr\u00fcner leben, sch\u00f6ner wachsen!\u201c \u201eAlles f\u00fcr Gartenfreunde \u2013 Qualit\u00e4t & Vielfalt\u201c \u201eIhr Pflanzencenter \u2013 Natur zum Mitnehmen!\u201c \ud83d\udd39 Willkommen in Ihrem Pflanzencenter \u2013 Wir bieten eine gro\u00dfe Auswahl an Blumen, B\u00e4umen, Str\u00e4uchern und Gartenaccessoires. Lassen Sie sich inspirieren und versch\u00f6nern Sie Ihren Garten mit hochwertigen Pflanzen! \ud83d\udd39 Fachberatung & Qualit\u00e4t \u2013 Unsere Experten unterst\u00fctzen Sie bei der Pflanzenauswahl, Pflege und Gartengestaltung. Profitieren Sie von unserer Erfahrung und schaffen Sie Ihre pers\u00f6nliche Wohlf\u00fchloase! \ud83d\udd39 Nachhaltigkeit & Vielfalt \u2013 Wir setzen auf umweltfreundliche Anbaumethoden und regionale Pflanzen. Bei uns finden Sie alles f\u00fcr ein bl\u00fchendes Zuhause!\",\"legalName\":\"Pflanzenhof Paulwitz\",\"foundingDate\":\"1965-01-01\",\"numberOfEmployees\":{\"@type\":\"QuantitativeValue\",\"minValue\":\"11\",\"maxValue\":\"50\"},\"address\":{\"@id\":\"https:\\\/\\\/pflanzenhof-paulwitz.de\\\/?page_id=111#local-main-place-address\"},\"telephone\":[\"04321 \\\/ 31 5 21\"],\"openingHoursSpecification\":[{\"@type\":\"OpeningHoursSpecification\",\"dayOfWeek\":[\"Monday\",\"Tuesday\",\"Wednesday\",\"Thursday\",\"Friday\"],\"opens\":\"08:00\",\"closes\":\"18:00\"},{\"@type\":\"OpeningHoursSpecification\",\"dayOfWeek\":[\"Saturday\"],\"opens\":\"08:00\",\"closes\":\"16:00\"},{\"@type\":\"OpeningHoursSpecification\",\"dayOfWeek\":[\"Sunday\"],\"opens\":\"08:00\",\"closes\":\"00:00\"}],\"email\":\"info@pflanzenhof-paulwitz.de\",\"areaServed\":\"Gartenbau Pflanzencenter\"},{\"@type\":\"PostalAddress\",\"@id\":\"https:\\\/\\\/pflanzenhof-paulwitz.de\\\/?page_id=111#local-main-place-address\",\"streetAddress\":\"Norderdorfkamp 26\",\"addressLocality\":\"Neum\u00fcnster\",\"postalCode\":\"24536\",\"addressRegion\":\"Deutschland\",\"addressCountry\":\"DE\"},{\"@type\":\"ImageObject\",\"inLanguage\":\"de\",\"@id\":\"https:\\\/\\\/pflanzenhof-paulwitz.de\\\/?page_id=111#local-main-organization-logo\",\"url\":\"https:\\\/\\\/pflanzenhof-paulwitz.de\\\/wp-content\\\/uploads\\\/2021\\\/09\\\/logo_neu-1-e1739703116923.jpg\",\"contentUrl\":\"https:\\\/\\\/pflanzenhof-paulwitz.de\\\/wp-content\\\/uploads\\\/2021\\\/09\\\/logo_neu-1-e1739703116923.jpg\",\"width\":185,\"height\":128,\"caption\":\"Pflanzenhof Paulwitz\"}]}<\/script>\n<meta name=\"geo.placename\" content=\"Neum\u00fcnster\" \/>\n<meta name=\"geo.region\" content=\"Deutschland\" \/>\n<!-- \/ Yoast SEO Premium plugin. -->","yoast_head_json":{"title":"Baumschule - Pflanzenhof Paulwitz","robots":{"index":"index","follow":"follow","max-snippet":"max-snippet:-1","max-image-preview":"max-image-preview:large","max-video-preview":"max-video-preview:-1"},"canonical":"https:\/\/pflanzenhof-paulwitz.de\/?page_id=111","og_locale":"de_DE","og_type":"article","og_title":"Baumschule","og_description":"In unserer Baumschule pflegen wir Geh\u00f6lze bis sie den Weg in Ihren Garten finden. \u00a0Frisch vom Feld direkt in ihren Garten In unserem neu angeleten Abteil f\u00fcr Alleb\u00e4ume bleiben keine W\u00fcnsche offen.","og_url":"https:\/\/pflanzenhof-paulwitz.de\/?page_id=111","og_site_name":"Pflanzenhof Paulwitz","article_publisher":"https:\/\/www.facebook.com\/p\/Pflanzenhof-Paulwitz-100063768184160\/?locale=de_DE","article_modified_time":"2021-08-19T10:16:21+00:00","twitter_card":"summary_large_image","twitter_misc":{"Gesch\u00e4tzte Lesezeit":"1\u00a0Minute"},"schema":{"@context":"https:\/\/schema.org","@graph":[{"@type":"WebPage","@id":"https:\/\/pflanzenhof-paulwitz.de\/?page_id=111","url":"https:\/\/pflanzenhof-paulwitz.de\/?page_id=111","name":"Baumschule - Pflanzenhof Paulwitz","isPartOf":{"@id":"https:\/\/pflanzenhof-paulwitz.de\/#website"},"datePublished":"2021-08-17T09:40:10+00:00","dateModified":"2021-08-19T10:16:21+00:00","breadcrumb":{"@id":"https:\/\/pflanzenhof-paulwitz.de\/?page_id=111#breadcrumb"},"inLanguage":"de","potentialAction":[{"@type":"ReadAction","target":["https:\/\/pflanzenhof-paulwitz.de\/?page_id=111"]}]},{"@type":"BreadcrumbList","@id":"https:\/\/pflanzenhof-paulwitz.de\/?page_id=111#breadcrumb","itemListElement":[{"@type":"ListItem","position":1,"name":"Home","item":"https:\/\/pflanzenhof-paulwitz.de\/"},{"@type":"ListItem","position":2,"name":"Baumschule"}]},{"@type":"WebSite","@id":"https:\/\/pflanzenhof-paulwitz.de\/#website","url":"https:\/\/pflanzenhof-paulwitz.de\/","name":"Pflanzenhof Paulwitz","description":"DAS Gartencenter in Neum\u00fcnster","publisher":{"@id":"https:\/\/pflanzenhof-paulwitz.de\/#organization"},"potentialAction":[{"@type":"SearchAction","target":{"@type":"EntryPoint","urlTemplate":"https:\/\/pflanzenhof-paulwitz.de\/?s={search_term_string}"},"query-input":{"@type":"PropertyValueSpecification","valueRequired":true,"valueName":"search_term_string"}}],"inLanguage":"de"},{"@type":["Organization","Place"],"@id":"https:\/\/pflanzenhof-paulwitz.de\/#organization","name":"Pflanzenhof Paulwitz","alternateName":"Paulwitz","url":"https:\/\/pflanzenhof-paulwitz.de\/","logo":{"@id":"https:\/\/pflanzenhof-paulwitz.de\/?page_id=111#local-main-organization-logo"},"image":{"@id":"https:\/\/pflanzenhof-paulwitz.de\/?page_id=111#local-main-organization-logo"},"sameAs":["https:\/\/www.facebook.com\/p\/Pflanzenhof-Paulwitz-100063768184160\/?locale=de_DE","https:\/\/www.instagram.com\/paulwitz_pflanzenhof_floristik\/?hl=de"],"description":"\ud83c\udf3f Ihr Spezialist f\u00fcr Garten & Pflanzen \u2013 Entdecken Sie hochwertige Pflanzen, Gartenbedarf und professionelle Beratung f\u00fcr Ihre gr\u00fcne Oase. \u201eGr\u00fcner leben, sch\u00f6ner wachsen!\u201c \u201eAlles f\u00fcr Gartenfreunde \u2013 Qualit\u00e4t & Vielfalt\u201c \u201eIhr Pflanzencenter \u2013 Natur zum Mitnehmen!\u201c \ud83d\udd39 Willkommen in Ihrem Pflanzencenter \u2013 Wir bieten eine gro\u00dfe Auswahl an Blumen, B\u00e4umen, Str\u00e4uchern und Gartenaccessoires. Lassen Sie sich inspirieren und versch\u00f6nern Sie Ihren Garten mit hochwertigen Pflanzen! \ud83d\udd39 Fachberatung & Qualit\u00e4t \u2013 Unsere Experten unterst\u00fctzen Sie bei der Pflanzenauswahl, Pflege und Gartengestaltung. Profitieren Sie von unserer Erfahrung und schaffen Sie Ihre pers\u00f6nliche Wohlf\u00fchloase! \ud83d\udd39 Nachhaltigkeit & Vielfalt \u2013 Wir setzen auf umweltfreundliche Anbaumethoden und regionale Pflanzen. Bei uns finden Sie alles f\u00fcr ein bl\u00fchendes Zuhause!","legalName":"Pflanzenhof Paulwitz","foundingDate":"1965-01-01","numberOfEmployees":{"@type":"QuantitativeValue","minValue":"11","maxValue":"50"},"address":{"@id":"https:\/\/pflanzenhof-paulwitz.de\/?page_id=111#local-main-place-address"},"telephone":["04321 \/ 31 5 21"],"openingHoursSpecification":[{"@type":"OpeningHoursSpecification","dayOfWeek":["Monday","Tuesday","Wednesday","Thursday","Friday"],"opens":"08:00","closes":"18:00"},{"@type":"OpeningHoursSpecification","dayOfWeek":["Saturday"],"opens":"08:00","closes":"16:00"},{"@type":"OpeningHoursSpecification","dayOfWeek":["Sunday"],"opens":"08:00","closes":"00:00"}],"email":"info@pflanzenhof-paulwitz.de","areaServed":"Gartenbau Pflanzencenter"},{"@type":"PostalAddress","@id":"https:\/\/pflanzenhof-paulwitz.de\/?page_id=111#local-main-place-address","streetAddress":"Norderdorfkamp 26","addressLocality":"Neum\u00fcnster","postalCode":"24536","addressRegion":"Deutschland","addressCountry":"DE"},{"@type":"ImageObject","inLanguage":"de","@id":"https:\/\/pflanzenhof-paulwitz.de\/?page_id=111#local-main-organization-logo","url":"https:\/\/pflanzenhof-paulwitz.de\/wp-content\/uploads\/2021\/09\/logo_neu-1-e1739703116923.jpg","contentUrl":"https:\/\/pflanzenhof-paulwitz.de\/wp-content\/uploads\/2021\/09\/logo_neu-1-e1739703116923.jpg","width":185,"height":128,"caption":"Pflanzenhof Paulwitz"}]},"geo.placename":"Neum\u00fcnster","geo.region":"Deutschland"},"_links":{"self":[{"href":"https:\/\/pflanzenhof-paulwitz.de\/index.php?rest_route=\/wp\/v2\/pages\/111","targetHints":{"allow":["GET"]}}],"collection":[{"href":"https:\/\/pflanzenhof-paulwitz.de\/index.php?rest_route=\/wp\/v2\/pages"}],"about":[{"href":"https:\/\/pflanzenhof-paulwitz.de\/index.php?rest_route=\/wp\/v2\/types\/page"}],"author":[{"embeddable":true,"href":"https:\/\/pflanzenhof-paulwitz.de\/index.php?rest_route=\/wp\/v2\/users\/1"}],"replies":[{"embeddable":true,"href":"https:\/\/pflanzenhof-paulwitz.de\/index.php?rest_route=%2Fwp%2Fv2%2Fcomments&post=111"}],"version-history":[{"count":4,"href":"https:\/\/pflanzenhof-paulwitz.de\/index.php?rest_route=\/wp\/v2\/pages\/111\/revisions"}],"predecessor-version":[{"id":243,"href":"https:\/\/pflanzenhof-paulwitz.de\/index.php?rest_route=\/wp\/v2\/pages\/111\/revisions\/243"}],"wp:attachment":[{"href":"https:\/\/pflanzenhof-paulwitz.de\/index.php?rest_route=%2Fwp%2Fv2%2Fmedia&parent=111"}],"curies":[{"name":"wp","href":"https:\/\/api.w.org\/{rel}","templated":true}]}}