{"id":105,"date":"2021-08-17T09:37:49","date_gmt":"2021-08-17T09:37:49","guid":{"rendered":"https:\/\/wordpress.pflanzenhof-paulwitz.de\/?page_id=105"},"modified":"2022-11-28T15:10:09","modified_gmt":"2022-11-28T15:10:09","slug":"jobs","status":"publish","type":"page","link":"https:\/\/pflanzenhof-paulwitz.de\/?page_id=105","title":{"rendered":"Jobs"},"content":{"rendered":"<h2><em>Als moderner Garten-Fachbetrieb, der seit \u00fcber 50 Jahren in Neum\u00fcnster-Tungendorf ans\u00e4ssig ist, bieten wir Ihnen einen krisensicheren Job mit Perspektive &#8211; dank unserer langj\u00e4hrigen Erfahrung als Blumen- und Gartenspezialisten.<\/em><\/h2>\n<p><strong>Wir suchen zum n\u00e4chstm\u00f6glichen Termin eine Fachkraft f\u00fcr B\u00fcro und Buchhaltung in Teilzeit.<\/strong><\/p>\n<p>Ihre Bewerbung schicken Sie uns gern per E-Mail an <a href=\"mailto:info@pflanzenhof-paulwitz.de\">info@pflanzenhof-paulwitz.de<\/a> ,<br \/>\nper Post an Pflanzenhof &amp; Floristik Jan Paulwitz, Norderdorfkamp 26, 24536 Neum\u00fcnster,<br \/>\noder geben Sie Ihre Bewerbung auch gern pers\u00f6nlich bei uns ab.<\/p>\n<p>&nbsp;<\/p>\n<p><img decoding=\"async\" class=\"size-full wp-image-602 aligncenter lazyload\" data-src=\"https:\/\/pflanzenhof-paulwitz.de\/wp-content\/uploads\/2021\/12\/gaertner.jpg\" alt=\"\" width=\"526\" height=\"441\" data-srcset=\"https:\/\/pflanzenhof-paulwitz.de\/wp-content\/uploads\/2021\/12\/gaertner.jpg 526w, https:\/\/pflanzenhof-paulwitz.de\/wp-content\/uploads\/2021\/12\/gaertner-300x252.jpg 300w\" data-sizes=\"(max-width: 526px) 100vw, 526px\" src=\"data:image\/svg+xml;base64,PHN2ZyB3aWR0aD0iMSIgaGVpZ2h0PSIxIiB4bWxucz0iaHR0cDovL3d3dy53My5vcmcvMjAwMC9zdmciPjwvc3ZnPg==\" style=\"--smush-placeholder-width: 526px; --smush-placeholder-aspect-ratio: 526\/441;\" \/><\/p>\n<p style=\"text-align: center;\"><a href=\"https:\/\/pflanzenhof-paulwitz.de\/?page_id=98\"><strong>Kontakt aufnehmen<\/strong><\/a><\/p>\n<p>&nbsp;<\/p>\n","protected":false},"excerpt":{"rendered":"<p>Als moderner Garten-Fachbetrieb, der seit \u00fcber 50 Jahren in Neum\u00fcnster-Tungendorf ans\u00e4ssig ist, bieten wir Ihnen einen krisensicheren Job mit Perspektive &#8211; dank unserer langj\u00e4hrigen Erfahrung als Blumen- und Gartenspezialisten. Wir suchen zum n\u00e4chstm\u00f6glichen Termin eine Fachkraft f\u00fcr B\u00fcro und Buchhaltung in Teilzeit. Ihre Bewerbung schicken Sie uns gern per E-Mail an info@pflanzenhof-paulwitz.de , per Post &#8230; <a title=\"Jobs\" class=\"read-more\" href=\"https:\/\/pflanzenhof-paulwitz.de\/?page_id=105\" aria-label=\"Mehr Informationen \u00fcber Jobs\">Weiterlesen<\/a><\/p>\n","protected":false},"author":1,"featured_media":0,"parent":103,"menu_order":0,"comment_status":"closed","ping_status":"closed","template":"","meta":{"footnotes":""},"class_list":["post-105","page","type-page","status-publish"],"yoast_head":"<!-- This site is optimized with the Yoast SEO Premium plugin v24.2 (Yoast SEO v27.4) - https:\/\/yoast.com\/product\/yoast-seo-premium-wordpress\/ -->\n<title>Jobs - Pflanzenhof Paulwitz<\/title>\n<meta name=\"robots\" content=\"index, follow, max-snippet:-1, max-image-preview:large, max-video-preview:-1\" \/>\n<link rel=\"canonical\" href=\"https:\/\/pflanzenhof-paulwitz.de\/?page_id=105\" \/>\n<meta property=\"og:locale\" content=\"de_DE\" \/>\n<meta property=\"og:type\" content=\"article\" \/>\n<meta property=\"og:title\" content=\"Jobs\" \/>\n<meta property=\"og:description\" content=\"Als moderner Garten-Fachbetrieb, der seit \u00fcber 50 Jahren in Neum\u00fcnster-Tungendorf ans\u00e4ssig ist, bieten wir Ihnen einen krisensicheren Job mit Perspektive &#8211; dank unserer langj\u00e4hrigen Erfahrung als Blumen- und Gartenspezialisten. Wir suchen zum n\u00e4chstm\u00f6glichen Termin eine Fachkraft f\u00fcr B\u00fcro und Buchhaltung in Teilzeit. Ihre Bewerbung schicken Sie uns gern per E-Mail an info@pflanzenhof-paulwitz.de , per Post ... Weiterlesen\" \/>\n<meta property=\"og:url\" content=\"https:\/\/pflanzenhof-paulwitz.de\/?page_id=105\" \/>\n<meta property=\"og:site_name\" content=\"Pflanzenhof Paulwitz\" \/>\n<meta property=\"article:publisher\" content=\"https:\/\/www.facebook.com\/p\/Pflanzenhof-Paulwitz-100063768184160\/?locale=de_DE\" \/>\n<meta property=\"article:modified_time\" content=\"2022-11-28T15:10:09+00:00\" \/>\n<meta property=\"og:image\" content=\"https:\/\/pflanzenhof-paulwitz.de\/wp-content\/uploads\/2021\/12\/gaertner.jpg\" \/>\n<meta name=\"twitter:card\" content=\"summary_large_image\" \/>\n<meta name=\"twitter:label1\" content=\"Gesch\u00e4tzte Lesezeit\" \/>\n\t<meta name=\"twitter:data1\" content=\"1\u00a0Minute\" \/>\n<script type=\"application\/ld+json\" class=\"yoast-schema-graph\">{\"@context\":\"https:\\\/\\\/schema.org\",\"@graph\":[{\"@type\":\"WebPage\",\"@id\":\"https:\\\/\\\/pflanzenhof-paulwitz.de\\\/?page_id=105\",\"url\":\"https:\\\/\\\/pflanzenhof-paulwitz.de\\\/?page_id=105\",\"name\":\"Jobs - Pflanzenhof Paulwitz\",\"isPartOf\":{\"@id\":\"https:\\\/\\\/pflanzenhof-paulwitz.de\\\/#website\"},\"primaryImageOfPage\":{\"@id\":\"https:\\\/\\\/pflanzenhof-paulwitz.de\\\/?page_id=105#primaryimage\"},\"image\":{\"@id\":\"https:\\\/\\\/pflanzenhof-paulwitz.de\\\/?page_id=105#primaryimage\"},\"thumbnailUrl\":\"https:\\\/\\\/pflanzenhof-paulwitz.de\\\/wp-content\\\/uploads\\\/2021\\\/12\\\/gaertner.jpg\",\"datePublished\":\"2021-08-17T09:37:49+00:00\",\"dateModified\":\"2022-11-28T15:10:09+00:00\",\"breadcrumb\":{\"@id\":\"https:\\\/\\\/pflanzenhof-paulwitz.de\\\/?page_id=105#breadcrumb\"},\"inLanguage\":\"de\",\"potentialAction\":[{\"@type\":\"ReadAction\",\"target\":[\"https:\\\/\\\/pflanzenhof-paulwitz.de\\\/?page_id=105\"]}]},{\"@type\":\"ImageObject\",\"inLanguage\":\"de\",\"@id\":\"https:\\\/\\\/pflanzenhof-paulwitz.de\\\/?page_id=105#primaryimage\",\"url\":\"https:\\\/\\\/pflanzenhof-paulwitz.de\\\/wp-content\\\/uploads\\\/2021\\\/12\\\/gaertner.jpg\",\"contentUrl\":\"https:\\\/\\\/pflanzenhof-paulwitz.de\\\/wp-content\\\/uploads\\\/2021\\\/12\\\/gaertner.jpg\",\"width\":526,\"height\":441},{\"@type\":\"BreadcrumbList\",\"@id\":\"https:\\\/\\\/pflanzenhof-paulwitz.de\\\/?page_id=105#breadcrumb\",\"itemListElement\":[{\"@type\":\"ListItem\",\"position\":1,\"name\":\"Home\",\"item\":\"https:\\\/\\\/pflanzenhof-paulwitz.de\\\/\"},{\"@type\":\"ListItem\",\"position\":2,\"name\":\"Gartencenter &#8211; Gartenbau\",\"item\":\"https:\\\/\\\/pflanzenhof-paulwitz.de\\\/\"},{\"@type\":\"ListItem\",\"position\":3,\"name\":\"Jobs\"}]},{\"@type\":\"WebSite\",\"@id\":\"https:\\\/\\\/pflanzenhof-paulwitz.de\\\/#website\",\"url\":\"https:\\\/\\\/pflanzenhof-paulwitz.de\\\/\",\"name\":\"Pflanzenhof Paulwitz\",\"description\":\"DAS Gartencenter in Neum\u00fcnster\",\"publisher\":{\"@id\":\"https:\\\/\\\/pflanzenhof-paulwitz.de\\\/#organization\"},\"potentialAction\":[{\"@type\":\"SearchAction\",\"target\":{\"@type\":\"EntryPoint\",\"urlTemplate\":\"https:\\\/\\\/pflanzenhof-paulwitz.de\\\/?s={search_term_string}\"},\"query-input\":{\"@type\":\"PropertyValueSpecification\",\"valueRequired\":true,\"valueName\":\"search_term_string\"}}],\"inLanguage\":\"de\"},{\"@type\":[\"Organization\",\"Place\"],\"@id\":\"https:\\\/\\\/pflanzenhof-paulwitz.de\\\/#organization\",\"name\":\"Pflanzenhof Paulwitz\",\"alternateName\":\"Paulwitz\",\"url\":\"https:\\\/\\\/pflanzenhof-paulwitz.de\\\/\",\"logo\":{\"@id\":\"https:\\\/\\\/pflanzenhof-paulwitz.de\\\/?page_id=105#local-main-organization-logo\"},\"image\":{\"@id\":\"https:\\\/\\\/pflanzenhof-paulwitz.de\\\/?page_id=105#local-main-organization-logo\"},\"sameAs\":[\"https:\\\/\\\/www.facebook.com\\\/p\\\/Pflanzenhof-Paulwitz-100063768184160\\\/?locale=de_DE\",\"https:\\\/\\\/www.instagram.com\\\/paulwitz_pflanzenhof_floristik\\\/?hl=de\"],\"description\":\"\ud83c\udf3f Ihr Spezialist f\u00fcr Garten & Pflanzen \u2013 Entdecken Sie hochwertige Pflanzen, Gartenbedarf und professionelle Beratung f\u00fcr Ihre gr\u00fcne Oase. \u201eGr\u00fcner leben, sch\u00f6ner wachsen!\u201c \u201eAlles f\u00fcr Gartenfreunde \u2013 Qualit\u00e4t & Vielfalt\u201c \u201eIhr Pflanzencenter \u2013 Natur zum Mitnehmen!\u201c \ud83d\udd39 Willkommen in Ihrem Pflanzencenter \u2013 Wir bieten eine gro\u00dfe Auswahl an Blumen, B\u00e4umen, Str\u00e4uchern und Gartenaccessoires. Lassen Sie sich inspirieren und versch\u00f6nern Sie Ihren Garten mit hochwertigen Pflanzen! \ud83d\udd39 Fachberatung & Qualit\u00e4t \u2013 Unsere Experten unterst\u00fctzen Sie bei der Pflanzenauswahl, Pflege und Gartengestaltung. Profitieren Sie von unserer Erfahrung und schaffen Sie Ihre pers\u00f6nliche Wohlf\u00fchloase! \ud83d\udd39 Nachhaltigkeit & Vielfalt \u2013 Wir setzen auf umweltfreundliche Anbaumethoden und regionale Pflanzen. Bei uns finden Sie alles f\u00fcr ein bl\u00fchendes Zuhause!\",\"legalName\":\"Pflanzenhof Paulwitz\",\"foundingDate\":\"1965-01-01\",\"numberOfEmployees\":{\"@type\":\"QuantitativeValue\",\"minValue\":\"11\",\"maxValue\":\"50\"},\"address\":{\"@id\":\"https:\\\/\\\/pflanzenhof-paulwitz.de\\\/?page_id=105#local-main-place-address\"},\"telephone\":[\"04321 \\\/ 31 5 21\"],\"openingHoursSpecification\":[{\"@type\":\"OpeningHoursSpecification\",\"dayOfWeek\":[\"Monday\",\"Tuesday\",\"Wednesday\",\"Thursday\",\"Friday\"],\"opens\":\"08:00\",\"closes\":\"18:00\"},{\"@type\":\"OpeningHoursSpecification\",\"dayOfWeek\":[\"Saturday\"],\"opens\":\"08:00\",\"closes\":\"16:00\"},{\"@type\":\"OpeningHoursSpecification\",\"dayOfWeek\":[\"Sunday\"],\"opens\":\"08:00\",\"closes\":\"00:00\"}],\"email\":\"info@pflanzenhof-paulwitz.de\",\"areaServed\":\"Gartenbau Pflanzencenter\"},{\"@type\":\"PostalAddress\",\"@id\":\"https:\\\/\\\/pflanzenhof-paulwitz.de\\\/?page_id=105#local-main-place-address\",\"streetAddress\":\"Norderdorfkamp 26\",\"addressLocality\":\"Neum\u00fcnster\",\"postalCode\":\"24536\",\"addressRegion\":\"Deutschland\",\"addressCountry\":\"DE\"},{\"@type\":\"ImageObject\",\"inLanguage\":\"de\",\"@id\":\"https:\\\/\\\/pflanzenhof-paulwitz.de\\\/?page_id=105#local-main-organization-logo\",\"url\":\"https:\\\/\\\/pflanzenhof-paulwitz.de\\\/wp-content\\\/uploads\\\/2021\\\/09\\\/logo_neu-1-e1739703116923.jpg\",\"contentUrl\":\"https:\\\/\\\/pflanzenhof-paulwitz.de\\\/wp-content\\\/uploads\\\/2021\\\/09\\\/logo_neu-1-e1739703116923.jpg\",\"width\":185,\"height\":128,\"caption\":\"Pflanzenhof Paulwitz\"}]}<\/script>\n<meta name=\"geo.placename\" content=\"Neum\u00fcnster\" \/>\n<meta name=\"geo.region\" content=\"Deutschland\" \/>\n<!-- \/ Yoast SEO Premium plugin. -->","yoast_head_json":{"title":"Jobs - Pflanzenhof Paulwitz","robots":{"index":"index","follow":"follow","max-snippet":"max-snippet:-1","max-image-preview":"max-image-preview:large","max-video-preview":"max-video-preview:-1"},"canonical":"https:\/\/pflanzenhof-paulwitz.de\/?page_id=105","og_locale":"de_DE","og_type":"article","og_title":"Jobs","og_description":"Als moderner Garten-Fachbetrieb, der seit \u00fcber 50 Jahren in Neum\u00fcnster-Tungendorf ans\u00e4ssig ist, bieten wir Ihnen einen krisensicheren Job mit Perspektive &#8211; dank unserer langj\u00e4hrigen Erfahrung als Blumen- und Gartenspezialisten. Wir suchen zum n\u00e4chstm\u00f6glichen Termin eine Fachkraft f\u00fcr B\u00fcro und Buchhaltung in Teilzeit. Ihre Bewerbung schicken Sie uns gern per E-Mail an info@pflanzenhof-paulwitz.de , per Post ... Weiterlesen","og_url":"https:\/\/pflanzenhof-paulwitz.de\/?page_id=105","og_site_name":"Pflanzenhof Paulwitz","article_publisher":"https:\/\/www.facebook.com\/p\/Pflanzenhof-Paulwitz-100063768184160\/?locale=de_DE","article_modified_time":"2022-11-28T15:10:09+00:00","og_image":[{"url":"https:\/\/pflanzenhof-paulwitz.de\/wp-content\/uploads\/2021\/12\/gaertner.jpg","type":"","width":"","height":""}],"twitter_card":"summary_large_image","twitter_misc":{"Gesch\u00e4tzte Lesezeit":"1\u00a0Minute"},"schema":{"@context":"https:\/\/schema.org","@graph":[{"@type":"WebPage","@id":"https:\/\/pflanzenhof-paulwitz.de\/?page_id=105","url":"https:\/\/pflanzenhof-paulwitz.de\/?page_id=105","name":"Jobs - Pflanzenhof Paulwitz","isPartOf":{"@id":"https:\/\/pflanzenhof-paulwitz.de\/#website"},"primaryImageOfPage":{"@id":"https:\/\/pflanzenhof-paulwitz.de\/?page_id=105#primaryimage"},"image":{"@id":"https:\/\/pflanzenhof-paulwitz.de\/?page_id=105#primaryimage"},"thumbnailUrl":"https:\/\/pflanzenhof-paulwitz.de\/wp-content\/uploads\/2021\/12\/gaertner.jpg","datePublished":"2021-08-17T09:37:49+00:00","dateModified":"2022-11-28T15:10:09+00:00","breadcrumb":{"@id":"https:\/\/pflanzenhof-paulwitz.de\/?page_id=105#breadcrumb"},"inLanguage":"de","potentialAction":[{"@type":"ReadAction","target":["https:\/\/pflanzenhof-paulwitz.de\/?page_id=105"]}]},{"@type":"ImageObject","inLanguage":"de","@id":"https:\/\/pflanzenhof-paulwitz.de\/?page_id=105#primaryimage","url":"https:\/\/pflanzenhof-paulwitz.de\/wp-content\/uploads\/2021\/12\/gaertner.jpg","contentUrl":"https:\/\/pflanzenhof-paulwitz.de\/wp-content\/uploads\/2021\/12\/gaertner.jpg","width":526,"height":441},{"@type":"BreadcrumbList","@id":"https:\/\/pflanzenhof-paulwitz.de\/?page_id=105#breadcrumb","itemListElement":[{"@type":"ListItem","position":1,"name":"Home","item":"https:\/\/pflanzenhof-paulwitz.de\/"},{"@type":"ListItem","position":2,"name":"Gartencenter &#8211; Gartenbau","item":"https:\/\/pflanzenhof-paulwitz.de\/"},{"@type":"ListItem","position":3,"name":"Jobs"}]},{"@type":"WebSite","@id":"https:\/\/pflanzenhof-paulwitz.de\/#website","url":"https:\/\/pflanzenhof-paulwitz.de\/","name":"Pflanzenhof Paulwitz","description":"DAS Gartencenter in Neum\u00fcnster","publisher":{"@id":"https:\/\/pflanzenhof-paulwitz.de\/#organization"},"potentialAction":[{"@type":"SearchAction","target":{"@type":"EntryPoint","urlTemplate":"https:\/\/pflanzenhof-paulwitz.de\/?s={search_term_string}"},"query-input":{"@type":"PropertyValueSpecification","valueRequired":true,"valueName":"search_term_string"}}],"inLanguage":"de"},{"@type":["Organization","Place"],"@id":"https:\/\/pflanzenhof-paulwitz.de\/#organization","name":"Pflanzenhof Paulwitz","alternateName":"Paulwitz","url":"https:\/\/pflanzenhof-paulwitz.de\/","logo":{"@id":"https:\/\/pflanzenhof-paulwitz.de\/?page_id=105#local-main-organization-logo"},"image":{"@id":"https:\/\/pflanzenhof-paulwitz.de\/?page_id=105#local-main-organization-logo"},"sameAs":["https:\/\/www.facebook.com\/p\/Pflanzenhof-Paulwitz-100063768184160\/?locale=de_DE","https:\/\/www.instagram.com\/paulwitz_pflanzenhof_floristik\/?hl=de"],"description":"\ud83c\udf3f Ihr Spezialist f\u00fcr Garten & Pflanzen \u2013 Entdecken Sie hochwertige Pflanzen, Gartenbedarf und professionelle Beratung f\u00fcr Ihre gr\u00fcne Oase. \u201eGr\u00fcner leben, sch\u00f6ner wachsen!\u201c \u201eAlles f\u00fcr Gartenfreunde \u2013 Qualit\u00e4t & Vielfalt\u201c \u201eIhr Pflanzencenter \u2013 Natur zum Mitnehmen!\u201c \ud83d\udd39 Willkommen in Ihrem Pflanzencenter \u2013 Wir bieten eine gro\u00dfe Auswahl an Blumen, B\u00e4umen, Str\u00e4uchern und Gartenaccessoires. Lassen Sie sich inspirieren und versch\u00f6nern Sie Ihren Garten mit hochwertigen Pflanzen! \ud83d\udd39 Fachberatung & Qualit\u00e4t \u2013 Unsere Experten unterst\u00fctzen Sie bei der Pflanzenauswahl, Pflege und Gartengestaltung. Profitieren Sie von unserer Erfahrung und schaffen Sie Ihre pers\u00f6nliche Wohlf\u00fchloase! \ud83d\udd39 Nachhaltigkeit & Vielfalt \u2013 Wir setzen auf umweltfreundliche Anbaumethoden und regionale Pflanzen. Bei uns finden Sie alles f\u00fcr ein bl\u00fchendes Zuhause!","legalName":"Pflanzenhof Paulwitz","foundingDate":"1965-01-01","numberOfEmployees":{"@type":"QuantitativeValue","minValue":"11","maxValue":"50"},"address":{"@id":"https:\/\/pflanzenhof-paulwitz.de\/?page_id=105#local-main-place-address"},"telephone":["04321 \/ 31 5 21"],"openingHoursSpecification":[{"@type":"OpeningHoursSpecification","dayOfWeek":["Monday","Tuesday","Wednesday","Thursday","Friday"],"opens":"08:00","closes":"18:00"},{"@type":"OpeningHoursSpecification","dayOfWeek":["Saturday"],"opens":"08:00","closes":"16:00"},{"@type":"OpeningHoursSpecification","dayOfWeek":["Sunday"],"opens":"08:00","closes":"00:00"}],"email":"info@pflanzenhof-paulwitz.de","areaServed":"Gartenbau Pflanzencenter"},{"@type":"PostalAddress","@id":"https:\/\/pflanzenhof-paulwitz.de\/?page_id=105#local-main-place-address","streetAddress":"Norderdorfkamp 26","addressLocality":"Neum\u00fcnster","postalCode":"24536","addressRegion":"Deutschland","addressCountry":"DE"},{"@type":"ImageObject","inLanguage":"de","@id":"https:\/\/pflanzenhof-paulwitz.de\/?page_id=105#local-main-organization-logo","url":"https:\/\/pflanzenhof-paulwitz.de\/wp-content\/uploads\/2021\/09\/logo_neu-1-e1739703116923.jpg","contentUrl":"https:\/\/pflanzenhof-paulwitz.de\/wp-content\/uploads\/2021\/09\/logo_neu-1-e1739703116923.jpg","width":185,"height":128,"caption":"Pflanzenhof Paulwitz"}]},"geo.placename":"Neum\u00fcnster","geo.region":"Deutschland"},"_links":{"self":[{"href":"https:\/\/pflanzenhof-paulwitz.de\/index.php?rest_route=\/wp\/v2\/pages\/105","targetHints":{"allow":["GET"]}}],"collection":[{"href":"https:\/\/pflanzenhof-paulwitz.de\/index.php?rest_route=\/wp\/v2\/pages"}],"about":[{"href":"https:\/\/pflanzenhof-paulwitz.de\/index.php?rest_route=\/wp\/v2\/types\/page"}],"author":[{"embeddable":true,"href":"https:\/\/pflanzenhof-paulwitz.de\/index.php?rest_route=\/wp\/v2\/users\/1"}],"replies":[{"embeddable":true,"href":"https:\/\/pflanzenhof-paulwitz.de\/index.php?rest_route=%2Fwp%2Fv2%2Fcomments&post=105"}],"version-history":[{"count":6,"href":"https:\/\/pflanzenhof-paulwitz.de\/index.php?rest_route=\/wp\/v2\/pages\/105\/revisions"}],"predecessor-version":[{"id":723,"href":"https:\/\/pflanzenhof-paulwitz.de\/index.php?rest_route=\/wp\/v2\/pages\/105\/revisions\/723"}],"up":[{"embeddable":true,"href":"https:\/\/pflanzenhof-paulwitz.de\/index.php?rest_route=\/wp\/v2\/pages\/103"}],"wp:attachment":[{"href":"https:\/\/pflanzenhof-paulwitz.de\/index.php?rest_route=%2Fwp%2Fv2%2Fmedia&parent=105"}],"curies":[{"name":"wp","href":"https:\/\/api.w.org\/{rel}","templated":true}]}}