{"id":103,"date":"2021-08-17T09:37:26","date_gmt":"2021-08-17T09:37:26","guid":{"rendered":"https:\/\/wordpress.pflanzenhof-paulwitz.de\/?page_id=103"},"modified":"2026-05-05T06:51:33","modified_gmt":"2026-05-05T06:51:33","slug":"home","status":"publish","type":"page","link":"https:\/\/pflanzenhof-paulwitz.de\/","title":{"rendered":"Gartencenter &#8211; Gartenbau"},"content":{"rendered":"<h2>Herzlich Willkommen auf dem Pflanzenhof Paulwitz<br \/>\nin Neum\u00fcnster &#8211; im Herzen Schleswig-Holsteins!<\/h2>\n<div class=\"eds-animate edsanimate-sis-hidden alignright\" data-eds-entry-animation=\"fadeInLeftBig\" data-eds-entry-delay=\"0\" data-eds-entry-duration=\"2.5\" data-eds-entry-timing=\"ease\" data-eds-exit-animation=\"\" data-eds-exit-delay=\"\" data-eds-exit-duration=\"\" data-eds-exit-timing=\"\" data-eds-repeat-count=\"1\" data-eds-keep=\"yes\" data-eds-animate-on=\"load\" data-eds-scroll-offset=\"\">\n<p><img decoding=\"async\" class=\"size-full wp-image-174 alignright lazyload\" data-src=\"https:\/\/pflanzenhof-paulwitz.de\/wp-content\/uploads\/2021\/08\/pauli_klein.png\" alt=\"\" width=\"153\" height=\"153\" data-srcset=\"https:\/\/pflanzenhof-paulwitz.de\/wp-content\/uploads\/2021\/08\/pauli_klein.png 153w, https:\/\/pflanzenhof-paulwitz.de\/wp-content\/uploads\/2021\/08\/pauli_klein-150x150.png 150w\" data-sizes=\"(max-width: 153px) 100vw, 153px\" src=\"data:image\/svg+xml;base64,PHN2ZyB3aWR0aD0iMSIgaGVpZ2h0PSIxIiB4bWxucz0iaHR0cDovL3d3dy53My5vcmcvMjAwMC9zdmciPjwvc3ZnPg==\" style=\"--smush-placeholder-width: 153px; --smush-placeholder-aspect-ratio: 153\/153;\" \/><\/p>\n<\/div>\n<p><a href=\"https:\/\/pflanzenhof-paulwitz.de\/wp-content\/uploads\/2026\/05\/himmelfagrt.jpg\" rel=\"lightbox[103]\"><img decoding=\"async\" class=\"alignleft wp-image-1136 lazyload\" data-src=\"https:\/\/pflanzenhof-paulwitz.de\/wp-content\/uploads\/2026\/05\/himmelfagrt-714x1024.jpg\" alt=\"\" width=\"450\" height=\"646\" data-srcset=\"https:\/\/pflanzenhof-paulwitz.de\/wp-content\/uploads\/2026\/05\/himmelfagrt-714x1024.jpg 714w, https:\/\/pflanzenhof-paulwitz.de\/wp-content\/uploads\/2026\/05\/himmelfagrt-209x300.jpg 209w, https:\/\/pflanzenhof-paulwitz.de\/wp-content\/uploads\/2026\/05\/himmelfagrt-768x1102.jpg 768w, https:\/\/pflanzenhof-paulwitz.de\/wp-content\/uploads\/2026\/05\/himmelfagrt-100x143.jpg 100w, https:\/\/pflanzenhof-paulwitz.de\/wp-content\/uploads\/2026\/05\/himmelfagrt.jpg 1024w\" data-sizes=\"(max-width: 450px) 100vw, 450px\" src=\"data:image\/svg+xml;base64,PHN2ZyB3aWR0aD0iMSIgaGVpZ2h0PSIxIiB4bWxucz0iaHR0cDovL3d3dy53My5vcmcvMjAwMC9zdmciPjwvc3ZnPg==\" style=\"--smush-placeholder-width: 450px; --smush-placeholder-aspect-ratio: 450\/646;\" \/><\/a><\/p>\n<h1>Tag der offenen T\u00fcr am Himmelfahrtstag!<\/h1>\n<h3>Zimmerpflanzen, Obst- und Gem\u00fcsepflanzen<\/h3>\n<h3>Tolle Angebote zum Muttertag am 10. Mai 2026<\/h3>\n<p>&nbsp;<\/p>\n<p>&nbsp;<\/p>\n<h1><a href=\"https:\/\/pflanzenhof-paulwitz.de\/wp-content\/uploads\/2025\/12\/start_opt.jpg\" rel=\"lightbox[103]\"><img decoding=\"async\" class=\"wp-image-1100 alignleft lazyload\" data-src=\"https:\/\/pflanzenhof-paulwitz.de\/wp-content\/uploads\/2025\/12\/start_opt-683x1024.jpg\" alt=\"\" width=\"300\" height=\"450\" data-srcset=\"https:\/\/pflanzenhof-paulwitz.de\/wp-content\/uploads\/2025\/12\/start_opt-683x1024.jpg 683w, https:\/\/pflanzenhof-paulwitz.de\/wp-content\/uploads\/2025\/12\/start_opt-200x300.jpg 200w, https:\/\/pflanzenhof-paulwitz.de\/wp-content\/uploads\/2025\/12\/start_opt-768x1152.jpg 768w, https:\/\/pflanzenhof-paulwitz.de\/wp-content\/uploads\/2025\/12\/start_opt-100x150.jpg 100w, https:\/\/pflanzenhof-paulwitz.de\/wp-content\/uploads\/2025\/12\/start_opt.jpg 800w\" data-sizes=\"(max-width: 300px) 100vw, 300px\" src=\"data:image\/svg+xml;base64,PHN2ZyB3aWR0aD0iMSIgaGVpZ2h0PSIxIiB4bWxucz0iaHR0cDovL3d3dy53My5vcmcvMjAwMC9zdmciPjwvc3ZnPg==\" style=\"--smush-placeholder-width: 300px; --smush-placeholder-aspect-ratio: 300\/450;\" \/><\/a><\/h1>\n<h1><\/h1>\n<h1><\/h1>\n<h1><\/h1>\n<h1><\/h1>\n<h1><\/h1>\n<h1><\/h1>\n<h3>Kommen Sie vorbei und geniessen Sie vor Ort ein reichhaltiges Angebot von bl\u00fchenden Stauden, Geh\u00f6lzen und nat\u00fcrlich auch Sommerpflanzen.<\/h3>\n<h1 style=\"text-align: left;\">\u00d6ffnungszeiten<\/h1>\n<p><strong>Montag bis Freitag 8 bis 18 Uhr <\/strong><br \/>\n<strong>Samstags 8 bis 16 <\/strong><br \/>\n<strong>Und Sonntags 9.30 Uhr b<\/strong><strong>is 12 Uhr<\/strong><\/p>\n<h2><\/h2>\n<h2>Wir freuen uns auf Ihren Besuch!<\/h2>\n<p><a href=\"https:\/\/pflanzenhof-paulwitz.de\/wp-content\/uploads\/2021\/08\/PaulwitzKatalog2018_gesamt.pdf\" target=\"_blank\" rel=\"noopener\"><img decoding=\"async\" class=\"alignleft wp-image-859 size-medium lazyload\" data-src=\"https:\/\/pflanzenhof-paulwitz.de\/wp-content\/uploads\/2023\/12\/katalog-212x300.jpg\" alt=\"\" width=\"212\" height=\"300\" data-srcset=\"https:\/\/pflanzenhof-paulwitz.de\/wp-content\/uploads\/2023\/12\/katalog-212x300.jpg 212w, https:\/\/pflanzenhof-paulwitz.de\/wp-content\/uploads\/2023\/12\/katalog-724x1024.jpg 724w, https:\/\/pflanzenhof-paulwitz.de\/wp-content\/uploads\/2023\/12\/katalog-768x1086.jpg 768w, https:\/\/pflanzenhof-paulwitz.de\/wp-content\/uploads\/2023\/12\/katalog.jpg 1000w\" data-sizes=\"(max-width: 212px) 100vw, 212px\" src=\"data:image\/svg+xml;base64,PHN2ZyB3aWR0aD0iMSIgaGVpZ2h0PSIxIiB4bWxucz0iaHR0cDovL3d3dy53My5vcmcvMjAwMC9zdmciPjwvc3ZnPg==\" style=\"--smush-placeholder-width: 212px; --smush-placeholder-aspect-ratio: 212\/300;\" \/><\/a><\/p>\n<pre class=\"moz-quote-pre\"><\/pre>\n<p><a href=\"https:\/\/pflanzenhof-paulwitz.de\/wp-content\/uploads\/2021\/08\/PaulwitzKatalog2018_gesamt.pdf\" target=\"_blank\" rel=\"noopener\"><em><strong>+++ Unseren Katalog finden Sie hier +++<\/strong><\/em><\/a><\/p>\n<p>&nbsp;<\/p>\n<h2><\/h2>\n<div dir=\"ltr\" data-mode=\"id\"><\/div>\n<div dir=\"ltr\" data-mode=\"id\"><\/div>\n<div class=\"n2_ss_slider_publish__option_code\" dir=\"ltr\" data-mode=\"id\"><\/div>\n<p>&nbsp;<\/p>\n<p>Norderdorfkamp 26 | 24536 Neum\u00fcnster | Telefon: 04321 \/ 31 5 21 | E-Mail: <a href=\"mailto:info@pflanzenhof-paulwitz.de\">info@pflanzenhof-paulwitz.de<\/a><\/p>\n<p><a href=\"https:\/\/goo.gl\/maps\/a9LUqrQPwj7dqTTu7\" target=\"_blank\" rel=\"noopener\"><img decoding=\"async\" class=\"alignnone wp-image-717 lazyload\" data-src=\"https:\/\/pflanzenhof-paulwitz.de\/wp-content\/uploads\/2022\/11\/maps_paulwitz.png\" alt=\"\" width=\"1600\" height=\"965\" data-srcset=\"https:\/\/pflanzenhof-paulwitz.de\/wp-content\/uploads\/2022\/11\/maps_paulwitz.png 1038w, https:\/\/pflanzenhof-paulwitz.de\/wp-content\/uploads\/2022\/11\/maps_paulwitz-300x181.png 300w, https:\/\/pflanzenhof-paulwitz.de\/wp-content\/uploads\/2022\/11\/maps_paulwitz-1024x618.png 1024w, https:\/\/pflanzenhof-paulwitz.de\/wp-content\/uploads\/2022\/11\/maps_paulwitz-768x463.png 768w\" data-sizes=\"(max-width: 1600px) 100vw, 1600px\" src=\"data:image\/svg+xml;base64,PHN2ZyB3aWR0aD0iMSIgaGVpZ2h0PSIxIiB4bWxucz0iaHR0cDovL3d3dy53My5vcmcvMjAwMC9zdmciPjwvc3ZnPg==\" style=\"--smush-placeholder-width: 1600px; --smush-placeholder-aspect-ratio: 1600\/965;\" \/><\/a><\/p>\n","protected":false},"excerpt":{"rendered":"<p>Herzlich Willkommen auf dem Pflanzenhof Paulwitz in Neum\u00fcnster &#8211; im Herzen Schleswig-Holsteins! Tag der offenen T\u00fcr am Himmelfahrtstag! Zimmerpflanzen, Obst- und Gem\u00fcsepflanzen Tolle Angebote zum Muttertag am 10. Mai 2026 &nbsp; &nbsp; Kommen Sie vorbei und geniessen Sie vor Ort ein reichhaltiges Angebot von bl\u00fchenden Stauden, Geh\u00f6lzen und nat\u00fcrlich auch Sommerpflanzen. \u00d6ffnungszeiten Montag bis Freitag &#8230; <a title=\"Gartencenter &#8211; Gartenbau\" class=\"read-more\" href=\"https:\/\/pflanzenhof-paulwitz.de\/\" aria-label=\"Mehr Informationen \u00fcber Gartencenter &#8211; Gartenbau\">Weiterlesen<\/a><\/p>\n","protected":false},"author":1,"featured_media":0,"parent":0,"menu_order":0,"comment_status":"closed","ping_status":"closed","template":"","meta":{"footnotes":""},"class_list":["post-103","page","type-page","status-publish"],"yoast_head":"<!-- This site is optimized with the Yoast SEO Premium plugin v24.2 (Yoast SEO v27.5) - https:\/\/yoast.com\/product\/yoast-seo-premium-wordpress\/ -->\n<title>Gartencenter - Gartenbau - Pflanzenhof Paulwitz<\/title>\n<meta name=\"robots\" content=\"index, follow, max-snippet:-1, max-image-preview:large, max-video-preview:-1\" \/>\n<link rel=\"canonical\" href=\"https:\/\/pflanzenhof-paulwitz.de\/\" \/>\n<meta property=\"og:locale\" content=\"de_DE\" \/>\n<meta property=\"og:type\" content=\"article\" \/>\n<meta property=\"og:title\" content=\"Gartencenter - Gartenbau\" \/>\n<meta property=\"og:description\" content=\"Herzlich Willkommen auf dem Pflanzenhof Paulwitz in Neum\u00fcnster &#8211; im Herzen Schleswig-Holsteins! Tag der offenen T\u00fcr am Himmelfahrtstag! Zimmerpflanzen, Obst- und Gem\u00fcsepflanzen Tolle Angebote zum Muttertag am 10. Mai 2026 &nbsp; &nbsp; Kommen Sie vorbei und geniessen Sie vor Ort ein reichhaltiges Angebot von bl\u00fchenden Stauden, Geh\u00f6lzen und nat\u00fcrlich auch Sommerpflanzen. \u00d6ffnungszeiten Montag bis Freitag ... Weiterlesen\" \/>\n<meta property=\"og:url\" content=\"https:\/\/pflanzenhof-paulwitz.de\/\" \/>\n<meta property=\"og:site_name\" content=\"Pflanzenhof Paulwitz\" \/>\n<meta property=\"article:publisher\" content=\"https:\/\/www.facebook.com\/p\/Pflanzenhof-Paulwitz-100063768184160\/?locale=de_DE\" \/>\n<meta property=\"article:modified_time\" content=\"2026-05-05T06:51:33+00:00\" \/>\n<meta property=\"og:image\" content=\"https:\/\/pflanzenhof-paulwitz.de\/wp-content\/uploads\/2021\/08\/pauli_klein.png\" \/>\n\t<meta property=\"og:image:width\" content=\"153\" \/>\n\t<meta property=\"og:image:height\" content=\"153\" \/>\n\t<meta property=\"og:image:type\" content=\"image\/png\" \/>\n<meta name=\"twitter:card\" content=\"summary_large_image\" \/>\n<meta name=\"twitter:label1\" content=\"Gesch\u00e4tzte Lesezeit\" \/>\n\t<meta name=\"twitter:data1\" content=\"2\u00a0Minuten\" \/>\n<script type=\"application\/ld+json\" class=\"yoast-schema-graph\">{\"@context\":\"https:\\\/\\\/schema.org\",\"@graph\":[{\"@type\":\"WebPage\",\"@id\":\"https:\\\/\\\/pflanzenhof-paulwitz.de\\\/\",\"url\":\"https:\\\/\\\/pflanzenhof-paulwitz.de\\\/\",\"name\":\"Gartencenter - Gartenbau - Pflanzenhof Paulwitz\",\"isPartOf\":{\"@id\":\"https:\\\/\\\/pflanzenhof-paulwitz.de\\\/#website\"},\"primaryImageOfPage\":{\"@id\":\"https:\\\/\\\/pflanzenhof-paulwitz.de\\\/#primaryimage\"},\"image\":{\"@id\":\"https:\\\/\\\/pflanzenhof-paulwitz.de\\\/#primaryimage\"},\"thumbnailUrl\":\"https:\\\/\\\/pflanzenhof-paulwitz.de\\\/wp-content\\\/uploads\\\/2021\\\/08\\\/pauli_klein.png\",\"datePublished\":\"2021-08-17T09:37:26+00:00\",\"dateModified\":\"2026-05-05T06:51:33+00:00\",\"breadcrumb\":{\"@id\":\"https:\\\/\\\/pflanzenhof-paulwitz.de\\\/#breadcrumb\"},\"inLanguage\":\"de\",\"potentialAction\":[{\"@type\":\"ReadAction\",\"target\":[\"https:\\\/\\\/pflanzenhof-paulwitz.de\\\/\"]}]},{\"@type\":\"ImageObject\",\"inLanguage\":\"de\",\"@id\":\"https:\\\/\\\/pflanzenhof-paulwitz.de\\\/#primaryimage\",\"url\":\"https:\\\/\\\/pflanzenhof-paulwitz.de\\\/wp-content\\\/uploads\\\/2021\\\/08\\\/pauli_klein.png\",\"contentUrl\":\"https:\\\/\\\/pflanzenhof-paulwitz.de\\\/wp-content\\\/uploads\\\/2021\\\/08\\\/pauli_klein.png\",\"width\":153,\"height\":153},{\"@type\":\"BreadcrumbList\",\"@id\":\"https:\\\/\\\/pflanzenhof-paulwitz.de\\\/#breadcrumb\",\"itemListElement\":[{\"@type\":\"ListItem\",\"position\":1,\"name\":\"Home\",\"item\":\"https:\\\/\\\/pflanzenhof-paulwitz.de\\\/\"},{\"@type\":\"ListItem\",\"position\":2,\"name\":\"Gartencenter &#8211; Gartenbau\"}]},{\"@type\":\"WebSite\",\"@id\":\"https:\\\/\\\/pflanzenhof-paulwitz.de\\\/#website\",\"url\":\"https:\\\/\\\/pflanzenhof-paulwitz.de\\\/\",\"name\":\"Pflanzenhof Paulwitz\",\"description\":\"DAS Gartencenter in Neum\u00fcnster\",\"publisher\":{\"@id\":\"https:\\\/\\\/pflanzenhof-paulwitz.de\\\/#organization\"},\"potentialAction\":[{\"@type\":\"SearchAction\",\"target\":{\"@type\":\"EntryPoint\",\"urlTemplate\":\"https:\\\/\\\/pflanzenhof-paulwitz.de\\\/?s={search_term_string}\"},\"query-input\":{\"@type\":\"PropertyValueSpecification\",\"valueRequired\":true,\"valueName\":\"search_term_string\"}}],\"inLanguage\":\"de\"},{\"@type\":[\"Organization\",\"Place\"],\"@id\":\"https:\\\/\\\/pflanzenhof-paulwitz.de\\\/#organization\",\"name\":\"Pflanzenhof Paulwitz\",\"alternateName\":\"Paulwitz\",\"url\":\"https:\\\/\\\/pflanzenhof-paulwitz.de\\\/\",\"logo\":{\"@id\":\"https:\\\/\\\/pflanzenhof-paulwitz.de\\\/#local-main-organization-logo\"},\"image\":{\"@id\":\"https:\\\/\\\/pflanzenhof-paulwitz.de\\\/#local-main-organization-logo\"},\"sameAs\":[\"https:\\\/\\\/www.facebook.com\\\/p\\\/Pflanzenhof-Paulwitz-100063768184160\\\/?locale=de_DE\",\"https:\\\/\\\/www.instagram.com\\\/paulwitz_pflanzenhof_floristik\\\/?hl=de\"],\"description\":\"\ud83c\udf3f Ihr Spezialist f\u00fcr Garten & Pflanzen \u2013 Entdecken Sie hochwertige Pflanzen, Gartenbedarf und professionelle Beratung f\u00fcr Ihre gr\u00fcne Oase. \u201eGr\u00fcner leben, sch\u00f6ner wachsen!\u201c \u201eAlles f\u00fcr Gartenfreunde \u2013 Qualit\u00e4t & Vielfalt\u201c \u201eIhr Pflanzencenter \u2013 Natur zum Mitnehmen!\u201c \ud83d\udd39 Willkommen in Ihrem Pflanzencenter \u2013 Wir bieten eine gro\u00dfe Auswahl an Blumen, B\u00e4umen, Str\u00e4uchern und Gartenaccessoires. Lassen Sie sich inspirieren und versch\u00f6nern Sie Ihren Garten mit hochwertigen Pflanzen! \ud83d\udd39 Fachberatung & Qualit\u00e4t \u2013 Unsere Experten unterst\u00fctzen Sie bei der Pflanzenauswahl, Pflege und Gartengestaltung. Profitieren Sie von unserer Erfahrung und schaffen Sie Ihre pers\u00f6nliche Wohlf\u00fchloase! \ud83d\udd39 Nachhaltigkeit & Vielfalt \u2013 Wir setzen auf umweltfreundliche Anbaumethoden und regionale Pflanzen. Bei uns finden Sie alles f\u00fcr ein bl\u00fchendes Zuhause!\",\"legalName\":\"Pflanzenhof Paulwitz\",\"foundingDate\":\"1965-01-01\",\"numberOfEmployees\":{\"@type\":\"QuantitativeValue\",\"minValue\":\"11\",\"maxValue\":\"50\"},\"address\":{\"@id\":\"https:\\\/\\\/pflanzenhof-paulwitz.de\\\/#local-main-place-address\"},\"telephone\":[\"04321 \\\/ 31 5 21\"],\"openingHoursSpecification\":[{\"@type\":\"OpeningHoursSpecification\",\"dayOfWeek\":[\"Monday\",\"Tuesday\",\"Wednesday\",\"Thursday\",\"Friday\"],\"opens\":\"08:00\",\"closes\":\"18:00\"},{\"@type\":\"OpeningHoursSpecification\",\"dayOfWeek\":[\"Saturday\"],\"opens\":\"08:00\",\"closes\":\"16:00\"},{\"@type\":\"OpeningHoursSpecification\",\"dayOfWeek\":[\"Sunday\"],\"opens\":\"08:00\",\"closes\":\"00:00\"}],\"email\":\"info@pflanzenhof-paulwitz.de\",\"areaServed\":\"Gartenbau Pflanzencenter\"},{\"@type\":\"PostalAddress\",\"@id\":\"https:\\\/\\\/pflanzenhof-paulwitz.de\\\/#local-main-place-address\",\"streetAddress\":\"Norderdorfkamp 26\",\"addressLocality\":\"Neum\u00fcnster\",\"postalCode\":\"24536\",\"addressRegion\":\"Deutschland\",\"addressCountry\":\"DE\"},{\"@type\":\"ImageObject\",\"inLanguage\":\"de\",\"@id\":\"https:\\\/\\\/pflanzenhof-paulwitz.de\\\/#local-main-organization-logo\",\"url\":\"https:\\\/\\\/pflanzenhof-paulwitz.de\\\/wp-content\\\/uploads\\\/2021\\\/09\\\/logo_neu-1-e1739703116923.jpg\",\"contentUrl\":\"https:\\\/\\\/pflanzenhof-paulwitz.de\\\/wp-content\\\/uploads\\\/2021\\\/09\\\/logo_neu-1-e1739703116923.jpg\",\"width\":185,\"height\":128,\"caption\":\"Pflanzenhof Paulwitz\"}]}<\/script>\n<meta name=\"geo.placename\" content=\"Neum\u00fcnster\" \/>\n<meta name=\"geo.region\" content=\"Deutschland\" \/>\n<!-- \/ Yoast SEO Premium plugin. -->","yoast_head_json":{"title":"Gartencenter - Gartenbau - Pflanzenhof Paulwitz","robots":{"index":"index","follow":"follow","max-snippet":"max-snippet:-1","max-image-preview":"max-image-preview:large","max-video-preview":"max-video-preview:-1"},"canonical":"https:\/\/pflanzenhof-paulwitz.de\/","og_locale":"de_DE","og_type":"article","og_title":"Gartencenter - Gartenbau","og_description":"Herzlich Willkommen auf dem Pflanzenhof Paulwitz in Neum\u00fcnster &#8211; im Herzen Schleswig-Holsteins! Tag der offenen T\u00fcr am Himmelfahrtstag! Zimmerpflanzen, Obst- und Gem\u00fcsepflanzen Tolle Angebote zum Muttertag am 10. Mai 2026 &nbsp; &nbsp; Kommen Sie vorbei und geniessen Sie vor Ort ein reichhaltiges Angebot von bl\u00fchenden Stauden, Geh\u00f6lzen und nat\u00fcrlich auch Sommerpflanzen. \u00d6ffnungszeiten Montag bis Freitag ... Weiterlesen","og_url":"https:\/\/pflanzenhof-paulwitz.de\/","og_site_name":"Pflanzenhof Paulwitz","article_publisher":"https:\/\/www.facebook.com\/p\/Pflanzenhof-Paulwitz-100063768184160\/?locale=de_DE","article_modified_time":"2026-05-05T06:51:33+00:00","og_image":[{"width":153,"height":153,"url":"https:\/\/pflanzenhof-paulwitz.de\/wp-content\/uploads\/2021\/08\/pauli_klein.png","type":"image\/png"}],"twitter_card":"summary_large_image","twitter_misc":{"Gesch\u00e4tzte Lesezeit":"2\u00a0Minuten"},"schema":{"@context":"https:\/\/schema.org","@graph":[{"@type":"WebPage","@id":"https:\/\/pflanzenhof-paulwitz.de\/","url":"https:\/\/pflanzenhof-paulwitz.de\/","name":"Gartencenter - Gartenbau - Pflanzenhof Paulwitz","isPartOf":{"@id":"https:\/\/pflanzenhof-paulwitz.de\/#website"},"primaryImageOfPage":{"@id":"https:\/\/pflanzenhof-paulwitz.de\/#primaryimage"},"image":{"@id":"https:\/\/pflanzenhof-paulwitz.de\/#primaryimage"},"thumbnailUrl":"https:\/\/pflanzenhof-paulwitz.de\/wp-content\/uploads\/2021\/08\/pauli_klein.png","datePublished":"2021-08-17T09:37:26+00:00","dateModified":"2026-05-05T06:51:33+00:00","breadcrumb":{"@id":"https:\/\/pflanzenhof-paulwitz.de\/#breadcrumb"},"inLanguage":"de","potentialAction":[{"@type":"ReadAction","target":["https:\/\/pflanzenhof-paulwitz.de\/"]}]},{"@type":"ImageObject","inLanguage":"de","@id":"https:\/\/pflanzenhof-paulwitz.de\/#primaryimage","url":"https:\/\/pflanzenhof-paulwitz.de\/wp-content\/uploads\/2021\/08\/pauli_klein.png","contentUrl":"https:\/\/pflanzenhof-paulwitz.de\/wp-content\/uploads\/2021\/08\/pauli_klein.png","width":153,"height":153},{"@type":"BreadcrumbList","@id":"https:\/\/pflanzenhof-paulwitz.de\/#breadcrumb","itemListElement":[{"@type":"ListItem","position":1,"name":"Home","item":"https:\/\/pflanzenhof-paulwitz.de\/"},{"@type":"ListItem","position":2,"name":"Gartencenter &#8211; Gartenbau"}]},{"@type":"WebSite","@id":"https:\/\/pflanzenhof-paulwitz.de\/#website","url":"https:\/\/pflanzenhof-paulwitz.de\/","name":"Pflanzenhof Paulwitz","description":"DAS Gartencenter in Neum\u00fcnster","publisher":{"@id":"https:\/\/pflanzenhof-paulwitz.de\/#organization"},"potentialAction":[{"@type":"SearchAction","target":{"@type":"EntryPoint","urlTemplate":"https:\/\/pflanzenhof-paulwitz.de\/?s={search_term_string}"},"query-input":{"@type":"PropertyValueSpecification","valueRequired":true,"valueName":"search_term_string"}}],"inLanguage":"de"},{"@type":["Organization","Place"],"@id":"https:\/\/pflanzenhof-paulwitz.de\/#organization","name":"Pflanzenhof Paulwitz","alternateName":"Paulwitz","url":"https:\/\/pflanzenhof-paulwitz.de\/","logo":{"@id":"https:\/\/pflanzenhof-paulwitz.de\/#local-main-organization-logo"},"image":{"@id":"https:\/\/pflanzenhof-paulwitz.de\/#local-main-organization-logo"},"sameAs":["https:\/\/www.facebook.com\/p\/Pflanzenhof-Paulwitz-100063768184160\/?locale=de_DE","https:\/\/www.instagram.com\/paulwitz_pflanzenhof_floristik\/?hl=de"],"description":"\ud83c\udf3f Ihr Spezialist f\u00fcr Garten & Pflanzen \u2013 Entdecken Sie hochwertige Pflanzen, Gartenbedarf und professionelle Beratung f\u00fcr Ihre gr\u00fcne Oase. \u201eGr\u00fcner leben, sch\u00f6ner wachsen!\u201c \u201eAlles f\u00fcr Gartenfreunde \u2013 Qualit\u00e4t & Vielfalt\u201c \u201eIhr Pflanzencenter \u2013 Natur zum Mitnehmen!\u201c \ud83d\udd39 Willkommen in Ihrem Pflanzencenter \u2013 Wir bieten eine gro\u00dfe Auswahl an Blumen, B\u00e4umen, Str\u00e4uchern und Gartenaccessoires. Lassen Sie sich inspirieren und versch\u00f6nern Sie Ihren Garten mit hochwertigen Pflanzen! \ud83d\udd39 Fachberatung & Qualit\u00e4t \u2013 Unsere Experten unterst\u00fctzen Sie bei der Pflanzenauswahl, Pflege und Gartengestaltung. Profitieren Sie von unserer Erfahrung und schaffen Sie Ihre pers\u00f6nliche Wohlf\u00fchloase! \ud83d\udd39 Nachhaltigkeit & Vielfalt \u2013 Wir setzen auf umweltfreundliche Anbaumethoden und regionale Pflanzen. Bei uns finden Sie alles f\u00fcr ein bl\u00fchendes Zuhause!","legalName":"Pflanzenhof Paulwitz","foundingDate":"1965-01-01","numberOfEmployees":{"@type":"QuantitativeValue","minValue":"11","maxValue":"50"},"address":{"@id":"https:\/\/pflanzenhof-paulwitz.de\/#local-main-place-address"},"telephone":["04321 \/ 31 5 21"],"openingHoursSpecification":[{"@type":"OpeningHoursSpecification","dayOfWeek":["Monday","Tuesday","Wednesday","Thursday","Friday"],"opens":"08:00","closes":"18:00"},{"@type":"OpeningHoursSpecification","dayOfWeek":["Saturday"],"opens":"08:00","closes":"16:00"},{"@type":"OpeningHoursSpecification","dayOfWeek":["Sunday"],"opens":"08:00","closes":"00:00"}],"email":"info@pflanzenhof-paulwitz.de","areaServed":"Gartenbau Pflanzencenter"},{"@type":"PostalAddress","@id":"https:\/\/pflanzenhof-paulwitz.de\/#local-main-place-address","streetAddress":"Norderdorfkamp 26","addressLocality":"Neum\u00fcnster","postalCode":"24536","addressRegion":"Deutschland","addressCountry":"DE"},{"@type":"ImageObject","inLanguage":"de","@id":"https:\/\/pflanzenhof-paulwitz.de\/#local-main-organization-logo","url":"https:\/\/pflanzenhof-paulwitz.de\/wp-content\/uploads\/2021\/09\/logo_neu-1-e1739703116923.jpg","contentUrl":"https:\/\/pflanzenhof-paulwitz.de\/wp-content\/uploads\/2021\/09\/logo_neu-1-e1739703116923.jpg","width":185,"height":128,"caption":"Pflanzenhof Paulwitz"}]},"geo.placename":"Neum\u00fcnster","geo.region":"Deutschland"},"_links":{"self":[{"href":"https:\/\/pflanzenhof-paulwitz.de\/index.php?rest_route=\/wp\/v2\/pages\/103","targetHints":{"allow":["GET"]}}],"collection":[{"href":"https:\/\/pflanzenhof-paulwitz.de\/index.php?rest_route=\/wp\/v2\/pages"}],"about":[{"href":"https:\/\/pflanzenhof-paulwitz.de\/index.php?rest_route=\/wp\/v2\/types\/page"}],"author":[{"embeddable":true,"href":"https:\/\/pflanzenhof-paulwitz.de\/index.php?rest_route=\/wp\/v2\/users\/1"}],"replies":[{"embeddable":true,"href":"https:\/\/pflanzenhof-paulwitz.de\/index.php?rest_route=%2Fwp%2Fv2%2Fcomments&post=103"}],"version-history":[{"count":172,"href":"https:\/\/pflanzenhof-paulwitz.de\/index.php?rest_route=\/wp\/v2\/pages\/103\/revisions"}],"predecessor-version":[{"id":1138,"href":"https:\/\/pflanzenhof-paulwitz.de\/index.php?rest_route=\/wp\/v2\/pages\/103\/revisions\/1138"}],"wp:attachment":[{"href":"https:\/\/pflanzenhof-paulwitz.de\/index.php?rest_route=%2Fwp%2Fv2%2Fmedia&parent=103"}],"curies":[{"name":"wp","href":"https:\/\/api.w.org\/{rel}","templated":true}]}}